{"id":1024,"date":"2017-12-27T10:28:26","date_gmt":"2017-12-27T08:28:26","guid":{"rendered":"http:\/\/kleinjogg.ch\/wordpress\/?page_id=1024"},"modified":"2020-11-20T11:40:55","modified_gmt":"2020-11-20T09:40:55","slug":"themenabend","status":"publish","type":"page","link":"https:\/\/kleinjogg.ch\/wordpress\/kleinjogg-kulturverein\/veranstaltungen-2018\/themenabend\/","title":{"rendered":"Themenabend Trinkwasserinitiative"},"content":{"rendered":"<h3><strong>Sauberes Trinkwasser im Spannungsfeld: Landwirtschaft \u2013 Konsum \u2013 Gesellschaft\u00bb<\/strong><\/h3>\n<p>Erfreut d\u00fcrfen wir auf einen informativen und erfolgreichen Themenabend zur\u00fcckschauen. Rund 90 Interessierte nahmen aktiv an der Podiumsdiskussion teil und alle waren sich schlussendlich einig:&nbsp; Es muss gemeinsam nach L\u00f6sungen gesucht werden, die sich breit auf unserem Konsumverhalten st\u00fctzen, es darf der Schwarze Peter nicht einfach der Landwirtschaft zugeschoben werden.<\/p>\n<p><img loading=\"lazy\" decoding=\"async\" width=\"302\" height=\"178\" class=\"wp-image-1107 alignnone\" alt=\"\" src=\"https:\/\/kleinjogg.ch\/wordpress\/wp-content\/uploads\/2018\/03\/DSC07252-300x177.jpg\" srcset=\"https:\/\/kleinjogg.ch\/wordpress\/wp-content\/uploads\/2018\/03\/DSC07252-300x177.jpg 300w, https:\/\/kleinjogg.ch\/wordpress\/wp-content\/uploads\/2018\/03\/DSC07252-768x453.jpg 768w, https:\/\/kleinjogg.ch\/wordpress\/wp-content\/uploads\/2018\/03\/DSC07252-1024x604.jpg 1024w, https:\/\/kleinjogg.ch\/wordpress\/wp-content\/uploads\/2018\/03\/DSC07252-676x399.jpg 676w\" sizes=\"auto, (max-width: 302px) 100vw, 302px\" \/>&nbsp; &nbsp; &nbsp;<img loading=\"lazy\" decoding=\"async\" width=\"315\" height=\"177\" class=\"wp-image-1106 alignnone\" alt=\"\" src=\"https:\/\/kleinjogg.ch\/wordpress\/wp-content\/uploads\/2018\/03\/DSC07249-300x169.jpg\" srcset=\"https:\/\/kleinjogg.ch\/wordpress\/wp-content\/uploads\/2018\/03\/DSC07249-300x169.jpg 300w, https:\/\/kleinjogg.ch\/wordpress\/wp-content\/uploads\/2018\/03\/DSC07249-768x432.jpg 768w, https:\/\/kleinjogg.ch\/wordpress\/wp-content\/uploads\/2018\/03\/DSC07249-1024x576.jpg 1024w, https:\/\/kleinjogg.ch\/wordpress\/wp-content\/uploads\/2018\/03\/DSC07249-676x381.jpg 676w\" sizes=\"auto, (max-width: 315px) 100vw, 315px\" \/>&nbsp; &nbsp; &nbsp;<img loading=\"lazy\" decoding=\"async\" width=\"316\" height=\"178\" class=\"wp-image-1110 alignnone\" alt=\"\" src=\"https:\/\/kleinjogg.ch\/wordpress\/wp-content\/uploads\/2018\/03\/DSC07262-300x169.jpg\" srcset=\"https:\/\/kleinjogg.ch\/wordpress\/wp-content\/uploads\/2018\/03\/DSC07262-300x169.jpg 300w, https:\/\/kleinjogg.ch\/wordpress\/wp-content\/uploads\/2018\/03\/DSC07262-768x432.jpg 768w, https:\/\/kleinjogg.ch\/wordpress\/wp-content\/uploads\/2018\/03\/DSC07262-1024x576.jpg 1024w, https:\/\/kleinjogg.ch\/wordpress\/wp-content\/uploads\/2018\/03\/DSC07262-676x381.jpg 676w\" sizes=\"auto, (max-width: 316px) 100vw, 316px\" \/><\/p>\n<p>\u201eDen&nbsp;Abend in Wermatswil habe ich als sehr spannend empfunden. Die Stimmung habe ich nicht als negativ empfunden, sondern als offener Austausch der verschiedenen Standpunkte. Es kamen sehr wichtige Punkte zur Sprache, zum Beispiel, dass nicht nur die Landwirtschaft f\u00fcr die Gef\u00e4hrdung der Wasserqualit\u00e4t verantwortlich ist, sondern unsere gesamte Gesellschaft mit dem heutigen Lebenswandel, welchen wir als so selbstverst\u00e4ndlich nehmen. Und dass es Ver\u00e4nderung und Handeln von uns allen braucht, jeder innerhalb seiner M\u00f6glichkeiten.<\/p>\n<p><em> Auch die Erkenntnis, dass mit einer so radikalen Ver\u00e4nderung der Landwirtschaft, wie es die Initiative fordert, die bestehenden Strukturen (Infrastruktur der Landwirtschaft, Verteilnetze, aber letzten Endes auch das gesellschaftliche Gef\u00fcge) grosse Ver\u00e4nderungen erfahren w\u00fcrden und dies viel Zeit und Bereitschaft von uns allen fordert, fand ich spannend. Ich fand insgesamt sehr konstruktiv und hoffe, dass die Initiative noch viele weitere solche Abende\/Austausche &#8222;verursachen&#8220; wird.\u201c<br \/>\n<\/em>Simon Hess, Teilnehmender am Themenabend<\/p>\n<p><a href=\"https:\/\/kleinjogg.ch\/wordpress\/?page_id=1099\" target=\"_blank\" rel=\"noopener noreferrer\">Fotos des Themenabends<\/a><\/p>\n<p>Nutzen Sie die Gelegenheit, wichtige Eckdaten zum Zustand der Gew\u00e4sser im Kanton Z\u00fcrich zu erfahren:<\/p>\n<p><a href=\"https:\/\/kleinjogg.ch\/wordpress\/wp-content\/uploads\/2018\/03\/Monitoring_MV_Kleinjogg_Gesellschaft_low.pdf\" target=\"_blank\" rel=\"noopener noreferrer\">Pr\u00e4sentation \u00abMikroverunreinigungen in Oberfl\u00e4chengew\u00e4sser\u00bb, Dr. Irene Wittmer (VSA)<\/a><\/p>\n<p><a href=\"https:\/\/kleinjogg.ch\/wordpress\/wp-content\/uploads\/2018\/03\/AWEL_PN_Kleinjogg_20180130_fin.pdf\" target=\"_blank\" rel=\"noopener noreferrer\">Pr\u00e4sentation \u00abStand der Gew\u00e4sserbelastung im Kanton Z\u00fcrich\u00bb, Dr. Pius Niederhauser (AWEL)<\/a><\/p>\n<p>Der Kleinjogg Kulturverein bedankt sich bei allen Anwesenden f\u00fcr ihr Interesse und hoffen, Sie an weiteren Veranstaltungen begr\u00fcssen zu d\u00fcrfen.<\/p>\n<p><a href=\"https:\/\/kleinjogg.ch\/wordpress\/?page_id=250\" target=\"_blank\" rel=\"noopener noreferrer\">Pressemitteilungen und Leserbriefe zum Themenabend 2018<\/a><\/p>\n<h2><strong>\u00abSauberes Trinkwasser im Spannungsfeld: Landwirtschaft \u2013 Konsum \u2013 Gesellschaft\u00bb<\/strong><\/h2>\n<p><strong><em>Am Dienstagabend, 30. Januar 2018 findet in Wermatswil (Uster) ein Themenabend des Kleinjogg Kulturvereins zum Thema \u00abSauberes Trinkwasser im Spannungsfeld: Landwirtschaft \u2013 Konsum \u2013 Gesellschaft\u00bb statt.<\/em><\/strong><\/p>\n<p>Bauer Jakob Gujer, genannt \u00abKleinjogg\u00bb, wurde vor 300 Jahren in Wermatswil geboren. Durch seinen Innovationsgeist hat er neue Methoden zur Nutzung von Wiesen und \u00c4cker eingef\u00fchrt. Er hat experimentiert und dabei die b\u00e4uerliche Welt mit besseren Vorgehensweisen zur Ern\u00e4hrung der ev\u00f6lkerung, welche die Landwirtschaft zu leisten hat, erfolgreich weitergebracht. Dieser Bauer \u00abKleinjogg\u00bb wird von der Fachwelt als Wegbereiter der modernen Landwirtschaft von heute angesehen.<\/p>\n<p>Der Kleinjogg Kulturverein aus Wermatswil, welcher im September 2016 mit vielen G\u00e4sten aus Landwirtschaft, Kultur und Politik den 300. Geburtstag von Kleinjogg in Form eines grossen Festes gefeiert hat, m\u00f6chte das Verm\u00e4chtnis unseres ber\u00fchmten Vorfahren pflegen. Veranstaltungen zu aktuell wichtiger Themen mit Bezug zur Landwirtschaft und Ern\u00e4hrung sollen f\u00fcr die Bev\u00f6lkerung angeboten werden.<\/p>\n<p>Dieser Themenabend zum Thema \u00abWasser\u00bb soll Menschen aus landwirtschaftlicher Produktion, Beratung, Forschung, Detailhandel sowie die Bev\u00f6lkerung zusammenbringen. FachreferentInnen zeigen den Zustand unserer Gew\u00e4sser auf und es wird erl\u00e4utert, was die \u00abInitiative f\u00fcr sauberes Trinkwasser\u00bb fordert. In Form eines Diskussions-Podiums sollen relevante Aspekte und Handlungsm\u00f6glichkeiten diskutiert werden.<\/p>\n<p>Sehr gerne begr\u00fcssen wir Sie zum Themenabend \u2013 Sauberes Wasser geht uns alle an, denn Wasser bedeutet Leben.<\/p>\n<h3><strong>FachreferentInnen<\/strong><\/h3>\n<p>Franziska Herren, Wiedlisbach\/BE<br \/>\nInitiantin der Initiative \u00abF\u00fcr sauberes Trinkwasser und gesunde Nahrung \u2013 Keine Subventionen f\u00fcr den Pestizid- und den prophylaktischen Antibiotika-Einsatz\u00bb des Vereins \u00abSauberes Wasser f\u00fcr alle\u00bb.<br \/>\nwww.initiative-sauberes-trinkwasser.ch<\/p>\n<p>Dr. Pius Niederhauser, Z\u00fcrich<br \/>\nSektionsleiter Oberfl\u00e4chengew\u00e4sserschutz beim kantonalen Amt f\u00fcr Abfall, Wasser, Energie und Luft.<br \/>\nwww.awel.zh.ch<\/p>\n<p>Dr. Irene Wittmer, D\u00fcbendorf<br \/>\nMitarbeitende der Abteilung Umweltchemie an der EAWAG sowie Vertreterin der VSA-Plattform Wasserqualit\u00e4t.<br \/>\nwww.vsa.ch<\/p>\n<h3><strong>Moderation<\/strong><\/h3>\n<p>Dipl.-Ing. agr. Robert Obrist, Frick<br \/>\nLeiter des Departements Beratung, Bildung und Kommunikation am FiBL in Frick, Kantonalpolitiker<br \/>\nwww.fibl.org<\/p>\n<p><img decoding=\"async\" src=\"https:\/\/kleinjogg.ch\/wordpress\/wp-content\/uploads\/2017\/12\/Themenabend_2018_01_new1.jpg\"><\/p>\n<p><img decoding=\"async\" src=\"https:\/\/kleinjogg.ch\/wordpress\/wp-content\/uploads\/2017\/12\/Themenabend_2018_01_new12.jpg\"><\/p>\n","protected":false},"excerpt":{"rendered":"<p>Sauberes Trinkwasser im Spannungsfeld: Landwirtschaft \u2013 Konsum \u2013 Gesellschaft\u00bb Erfreut d\u00fcrfen wir auf einen informativen und erfolgreichen Themenabend zur\u00fcckschauen. Rund 90 Interessierte nahmen aktiv an der Podiumsdiskussion teil und alle waren sich schlussendlich einig:&nbsp; Es muss gemeinsam nach L\u00f6sungen gesucht werden, die sich breit auf unserem Konsumverhalten st\u00fctzen, es darf der Schwarze Peter nicht einfach [&hellip;]<\/p>\n","protected":false},"author":1,"featured_media":0,"parent":1693,"menu_order":4,"comment_status":"closed","ping_status":"closed","template":"template-fullwidth.php","meta":{"footnotes":""},"class_list":["post-1024","page","type-page","status-publish","hentry","post-preview"],"_links":{"self":[{"href":"https:\/\/kleinjogg.ch\/wordpress\/wp-json\/wp\/v2\/pages\/1024","targetHints":{"allow":["GET"]}}],"collection":[{"href":"https:\/\/kleinjogg.ch\/wordpress\/wp-json\/wp\/v2\/pages"}],"about":[{"href":"https:\/\/kleinjogg.ch\/wordpress\/wp-json\/wp\/v2\/types\/page"}],"author":[{"embeddable":true,"href":"https:\/\/kleinjogg.ch\/wordpress\/wp-json\/wp\/v2\/users\/1"}],"replies":[{"embeddable":true,"href":"https:\/\/kleinjogg.ch\/wordpress\/wp-json\/wp\/v2\/comments?post=1024"}],"version-history":[{"count":65,"href":"https:\/\/kleinjogg.ch\/wordpress\/wp-json\/wp\/v2\/pages\/1024\/revisions"}],"predecessor-version":[{"id":1695,"href":"https:\/\/kleinjogg.ch\/wordpress\/wp-json\/wp\/v2\/pages\/1024\/revisions\/1695"}],"up":[{"embeddable":true,"href":"https:\/\/kleinjogg.ch\/wordpress\/wp-json\/wp\/v2\/pages\/1693"}],"wp:attachment":[{"href":"https:\/\/kleinjogg.ch\/wordpress\/wp-json\/wp\/v2\/media?parent=1024"}],"curies":[{"name":"wp","href":"https:\/\/api.w.org\/{rel}","templated":true}]}}