{"id":1189,"date":"2018-12-05T23:19:18","date_gmt":"2018-12-05T21:19:18","guid":{"rendered":"http:\/\/kleinjogg.ch\/wordpress\/?page_id=1189"},"modified":"2026-01-11T17:32:57","modified_gmt":"2026-01-11T15:32:57","slug":"besuch-pomy-zweifel-ag","status":"publish","type":"page","link":"https:\/\/kleinjogg.ch\/wordpress\/kleinjogg-kulturverein\/veranstaltungen-2018\/besuch-pomy-zweifel-ag\/","title":{"rendered":"Besuch Zweifel Pomy Chips AG"},"content":{"rendered":"\n<p>Anfangs Oktober 2019 wurde der Kleinjogg Kulturverein durch Senior-Chef H. H. Zweifel in die Fabrik in Spreitenbach eingeladen. Wir erhielten einen \u00dcberblick zur Firmengeschichte, den Produkten und durften auf dem Betriebsrundgang live sehen, wie die von Schweizer Bauern angebauten H\u00e4rd\u00f6pfel, von der Knolle bis zum fertigen Chips in der T\u00fcte, veredelt werden. Dieser Blick hinter die Kulissen war sehr spannend, informativ und teilweise \u00fcberraschten die Fakten (von dem Paprikagew\u00fcrz werden beispielsweise zwei Tonnen an einem Tag verbraucht).<br> H. H. Zweifel erz\u00e4hlte uns im Anschluss Geschichten von fr\u00fcher, wie beispielsweise die ersten Chips an die Kunden gebracht wurden, was ein grossartiges Erlebnis war. Der Anlass wurde durch ein feines Zvieri-Pl\u00e4ttli abgerundet und der Senior-Chef gab nochmals sein Bestes und \u00fcberreichte uns mit seinem geschriebenen Kleinjogg-Verse.<br>Lesen Sie&nbsp;<a aria-label=\"Anfangs Oktober wurde der Kleinjogg Kulturverein durch Senior-Chef H. H. Zweifel in die Fabrik in Spreitenbach eingeladen. Wir erhielten einen \u00dcberblick zur Firmengeschichte, den Produkten und durften auf dem Betriebsrundgang live sehen, wie die von Schweizer Bauern angebauten H\u00e4rd\u00f6pfel, von der Knolle bis zum fertigen Chips in der T\u00fcte, veredelt werden. Dieser Blick hinter die Kulissen war sehr spannend, informativ und teilweise \u00fcberraschten die Fakten (von dem Paprikagew\u00fcrz werden beispielsweise zwei Tonnen an einem Tag verbraucht).&#10; H. H. Zweifel erz\u00e4hlte uns im Anschluss Geschichten von fr\u00fcher, wie beispielsweise die ersten Chips an die Kunden gebracht wurden, was ein grossartiges Erlebnis war. Der Anlass wurde durch ein feines Zvieri-Pl\u00e4ttli abgerundet und der Senior-Chef gab nochmals sein Bestes und \u00fcberreichte uns mit seinem geschriebenen Kleinjogg-Verse (lesen Sie&nbsp; den Grund daf\u00fcr nach).&#10; Vielen herzlichen Dank an Herrn Zweifel und sein Team! (opens in a new tab)\" href=\"https:\/\/kleinjogg.ch\/wordpress\/wp-content\/uploads\/2017\/04\/Z\u00fcrichs-schlauer-Bauer_-Der-falsche-und-der-richtige-Kleinjogg.pdf\" target=\"_blank\" rel=\"noreferrer noopener\">https:\/\/kleinjogg.ch\/wordpress\/wp-content\/uploads\/2017\/04\/Z\u00fcrichs-schlauer-Bauer_-Der-falsche-und-der-richtige-Kleinjogg.pdf<\/a> den Hintergrund nach.<br> Vielen herzlichen Dank an Herrn Zweifel und sein Team!<\/p>\n\n\n\n<figure class=\"wp-block-gallery columns-3 is-cropped aligncenter wp-block-gallery-1 is-layout-flex wp-block-gallery-is-layout-flex\"><ul class=\"blocks-gallery-grid\"><li class=\"blocks-gallery-item\"><figure><img loading=\"lazy\" decoding=\"async\" width=\"1024\" height=\"767\" src=\"https:\/\/kleinjogg.ch\/wordpress\/wp-content\/uploads\/2018\/12\/20181002_141253-1024x767.jpg\" alt=\"\" data-id=\"1193\" data-link=\"https:\/\/kleinjogg.ch\/wordpress\/?attachment_id=1193\" class=\"wp-image-1193\" srcset=\"https:\/\/kleinjogg.ch\/wordpress\/wp-content\/uploads\/2018\/12\/20181002_141253-1024x767.jpg 1024w, https:\/\/kleinjogg.ch\/wordpress\/wp-content\/uploads\/2018\/12\/20181002_141253-300x225.jpg 300w, https:\/\/kleinjogg.ch\/wordpress\/wp-content\/uploads\/2018\/12\/20181002_141253-768x576.jpg 768w, https:\/\/kleinjogg.ch\/wordpress\/wp-content\/uploads\/2018\/12\/20181002_141253-676x507.jpg 676w\" sizes=\"auto, (max-width: 1024px) 100vw, 1024px\" \/><figcaption class=\"blocks-gallery-item__caption\">Bereit f\u00fcr die Fabrikf\u00fchrung.<\/figcaption><\/figure><\/li><li class=\"blocks-gallery-item\"><figure><img loading=\"lazy\" decoding=\"async\" width=\"1024\" height=\"767\" src=\"https:\/\/kleinjogg.ch\/wordpress\/wp-content\/uploads\/2018\/12\/20181002_155103-1024x767.jpg\" alt=\"\" data-id=\"1194\" data-link=\"https:\/\/kleinjogg.ch\/wordpress\/?attachment_id=1194\" class=\"wp-image-1194\" srcset=\"https:\/\/kleinjogg.ch\/wordpress\/wp-content\/uploads\/2018\/12\/20181002_155103-1024x767.jpg 1024w, https:\/\/kleinjogg.ch\/wordpress\/wp-content\/uploads\/2018\/12\/20181002_155103-300x225.jpg 300w, https:\/\/kleinjogg.ch\/wordpress\/wp-content\/uploads\/2018\/12\/20181002_155103-768x576.jpg 768w, https:\/\/kleinjogg.ch\/wordpress\/wp-content\/uploads\/2018\/12\/20181002_155103-676x507.jpg 676w\" sizes=\"auto, (max-width: 1024px) 100vw, 1024px\" \/><\/figure><\/li><li class=\"blocks-gallery-item\"><figure><img loading=\"lazy\" decoding=\"async\" width=\"767\" height=\"1024\" src=\"https:\/\/kleinjogg.ch\/wordpress\/wp-content\/uploads\/2018\/12\/20181002_155126-767x1024.jpg\" alt=\"\" data-id=\"1195\" data-link=\"https:\/\/kleinjogg.ch\/wordpress\/?attachment_id=1195\" class=\"wp-image-1195\" srcset=\"https:\/\/kleinjogg.ch\/wordpress\/wp-content\/uploads\/2018\/12\/20181002_155126-767x1024.jpg 767w, https:\/\/kleinjogg.ch\/wordpress\/wp-content\/uploads\/2018\/12\/20181002_155126-225x300.jpg 225w, https:\/\/kleinjogg.ch\/wordpress\/wp-content\/uploads\/2018\/12\/20181002_155126-768x1025.jpg 768w, https:\/\/kleinjogg.ch\/wordpress\/wp-content\/uploads\/2018\/12\/20181002_155126-676x902.jpg 676w, https:\/\/kleinjogg.ch\/wordpress\/wp-content\/uploads\/2018\/12\/20181002_155126.jpg 1753w\" sizes=\"auto, (max-width: 767px) 100vw, 767px\" \/><figcaption class=\"blocks-gallery-item__caption\">H. H. Zweifel erkl\u00e4rt begeistert, wie sie fr\u00fcher die Chips gebacken haben.<\/figcaption><\/figure><\/li><li class=\"blocks-gallery-item\"><figure><img loading=\"lazy\" decoding=\"async\" width=\"1024\" height=\"767\" src=\"https:\/\/kleinjogg.ch\/wordpress\/wp-content\/uploads\/2018\/12\/20181002_155226-1024x767.jpg\" alt=\"\" data-id=\"1196\" data-link=\"https:\/\/kleinjogg.ch\/wordpress\/?attachment_id=1196\" class=\"wp-image-1196\" srcset=\"https:\/\/kleinjogg.ch\/wordpress\/wp-content\/uploads\/2018\/12\/20181002_155226-1024x767.jpg 1024w, https:\/\/kleinjogg.ch\/wordpress\/wp-content\/uploads\/2018\/12\/20181002_155226-300x225.jpg 300w, https:\/\/kleinjogg.ch\/wordpress\/wp-content\/uploads\/2018\/12\/20181002_155226-768x576.jpg 768w, https:\/\/kleinjogg.ch\/wordpress\/wp-content\/uploads\/2018\/12\/20181002_155226-676x507.jpg 676w\" sizes=\"auto, (max-width: 1024px) 100vw, 1024px\" \/><\/figure><\/li><li class=\"blocks-gallery-item\"><figure><img loading=\"lazy\" decoding=\"async\" width=\"1024\" height=\"767\" src=\"https:\/\/kleinjogg.ch\/wordpress\/wp-content\/uploads\/2018\/12\/20181002_155455-1024x767.jpg\" alt=\"\" data-id=\"1197\" data-link=\"https:\/\/kleinjogg.ch\/wordpress\/?attachment_id=1197\" class=\"wp-image-1197\" srcset=\"https:\/\/kleinjogg.ch\/wordpress\/wp-content\/uploads\/2018\/12\/20181002_155455-1024x767.jpg 1024w, https:\/\/kleinjogg.ch\/wordpress\/wp-content\/uploads\/2018\/12\/20181002_155455-300x225.jpg 300w, https:\/\/kleinjogg.ch\/wordpress\/wp-content\/uploads\/2018\/12\/20181002_155455-768x576.jpg 768w, https:\/\/kleinjogg.ch\/wordpress\/wp-content\/uploads\/2018\/12\/20181002_155455-676x507.jpg 676w\" sizes=\"auto, (max-width: 1024px) 100vw, 1024px\" \/><\/figure><\/li><li class=\"blocks-gallery-item\"><figure><img loading=\"lazy\" decoding=\"async\" width=\"1024\" height=\"767\" src=\"https:\/\/kleinjogg.ch\/wordpress\/wp-content\/uploads\/2018\/12\/20181002_155640-1024x767.jpg\" alt=\"\" data-id=\"1198\" data-link=\"https:\/\/kleinjogg.ch\/wordpress\/?attachment_id=1198\" class=\"wp-image-1198\" srcset=\"https:\/\/kleinjogg.ch\/wordpress\/wp-content\/uploads\/2018\/12\/20181002_155640-1024x767.jpg 1024w, https:\/\/kleinjogg.ch\/wordpress\/wp-content\/uploads\/2018\/12\/20181002_155640-300x225.jpg 300w, https:\/\/kleinjogg.ch\/wordpress\/wp-content\/uploads\/2018\/12\/20181002_155640-768x576.jpg 768w, https:\/\/kleinjogg.ch\/wordpress\/wp-content\/uploads\/2018\/12\/20181002_155640-676x507.jpg 676w\" sizes=\"auto, (max-width: 1024px) 100vw, 1024px\" \/><\/figure><\/li><li class=\"blocks-gallery-item\"><figure><img loading=\"lazy\" decoding=\"async\" width=\"1024\" height=\"767\" src=\"https:\/\/kleinjogg.ch\/wordpress\/wp-content\/uploads\/2018\/12\/20181002_155814-1024x767.jpg\" alt=\"\" data-id=\"1199\" data-link=\"https:\/\/kleinjogg.ch\/wordpress\/?attachment_id=1199\" class=\"wp-image-1199\" srcset=\"https:\/\/kleinjogg.ch\/wordpress\/wp-content\/uploads\/2018\/12\/20181002_155814-1024x767.jpg 1024w, https:\/\/kleinjogg.ch\/wordpress\/wp-content\/uploads\/2018\/12\/20181002_155814-300x225.jpg 300w, https:\/\/kleinjogg.ch\/wordpress\/wp-content\/uploads\/2018\/12\/20181002_155814-768x576.jpg 768w, https:\/\/kleinjogg.ch\/wordpress\/wp-content\/uploads\/2018\/12\/20181002_155814-676x507.jpg 676w\" sizes=\"auto, (max-width: 1024px) 100vw, 1024px\" \/><\/figure><\/li><li class=\"blocks-gallery-item\"><figure><img loading=\"lazy\" decoding=\"async\" width=\"1024\" height=\"767\" src=\"https:\/\/kleinjogg.ch\/wordpress\/wp-content\/uploads\/2018\/12\/20181002_160023-1024x767.jpg\" alt=\"\" data-id=\"1200\" data-link=\"https:\/\/kleinjogg.ch\/wordpress\/?attachment_id=1200\" class=\"wp-image-1200\" srcset=\"https:\/\/kleinjogg.ch\/wordpress\/wp-content\/uploads\/2018\/12\/20181002_160023-1024x767.jpg 1024w, https:\/\/kleinjogg.ch\/wordpress\/wp-content\/uploads\/2018\/12\/20181002_160023-300x225.jpg 300w, https:\/\/kleinjogg.ch\/wordpress\/wp-content\/uploads\/2018\/12\/20181002_160023-768x576.jpg 768w, https:\/\/kleinjogg.ch\/wordpress\/wp-content\/uploads\/2018\/12\/20181002_160023-676x507.jpg 676w\" sizes=\"auto, (max-width: 1024px) 100vw, 1024px\" \/><\/figure><\/li><li class=\"blocks-gallery-item\"><figure><img loading=\"lazy\" decoding=\"async\" width=\"1024\" height=\"767\" src=\"https:\/\/kleinjogg.ch\/wordpress\/wp-content\/uploads\/2018\/12\/20181002_160320-1024x767.jpg\" alt=\"\" data-id=\"1201\" data-link=\"https:\/\/kleinjogg.ch\/wordpress\/?attachment_id=1201\" class=\"wp-image-1201\" srcset=\"https:\/\/kleinjogg.ch\/wordpress\/wp-content\/uploads\/2018\/12\/20181002_160320-1024x767.jpg 1024w, https:\/\/kleinjogg.ch\/wordpress\/wp-content\/uploads\/2018\/12\/20181002_160320-300x225.jpg 300w, https:\/\/kleinjogg.ch\/wordpress\/wp-content\/uploads\/2018\/12\/20181002_160320-768x576.jpg 768w, https:\/\/kleinjogg.ch\/wordpress\/wp-content\/uploads\/2018\/12\/20181002_160320-676x507.jpg 676w\" sizes=\"auto, (max-width: 1024px) 100vw, 1024px\" \/><\/figure><\/li><li class=\"blocks-gallery-item\"><figure><img loading=\"lazy\" decoding=\"async\" width=\"1024\" height=\"767\" src=\"https:\/\/kleinjogg.ch\/wordpress\/wp-content\/uploads\/2018\/12\/20181002_160645-1024x767.jpg\" alt=\"\" data-id=\"1202\" data-link=\"https:\/\/kleinjogg.ch\/wordpress\/?attachment_id=1202\" class=\"wp-image-1202\" srcset=\"https:\/\/kleinjogg.ch\/wordpress\/wp-content\/uploads\/2018\/12\/20181002_160645-1024x767.jpg 1024w, https:\/\/kleinjogg.ch\/wordpress\/wp-content\/uploads\/2018\/12\/20181002_160645-300x225.jpg 300w, https:\/\/kleinjogg.ch\/wordpress\/wp-content\/uploads\/2018\/12\/20181002_160645-768x576.jpg 768w, https:\/\/kleinjogg.ch\/wordpress\/wp-content\/uploads\/2018\/12\/20181002_160645-676x507.jpg 676w\" sizes=\"auto, (max-width: 1024px) 100vw, 1024px\" \/><figcaption class=\"blocks-gallery-item__caption\">H. H. Zweifel liest seinen erfundenen Verse zu Kleinjogg vor.<\/figcaption><\/figure><\/li><li class=\"blocks-gallery-item\"><figure><img loading=\"lazy\" decoding=\"async\" width=\"1024\" height=\"767\" src=\"https:\/\/kleinjogg.ch\/wordpress\/wp-content\/uploads\/2018\/12\/20181002_160726-1024x767.jpg\" alt=\"\" data-id=\"1203\" data-link=\"https:\/\/kleinjogg.ch\/wordpress\/?attachment_id=1203\" class=\"wp-image-1203\" srcset=\"https:\/\/kleinjogg.ch\/wordpress\/wp-content\/uploads\/2018\/12\/20181002_160726-1024x767.jpg 1024w, https:\/\/kleinjogg.ch\/wordpress\/wp-content\/uploads\/2018\/12\/20181002_160726-300x225.jpg 300w, https:\/\/kleinjogg.ch\/wordpress\/wp-content\/uploads\/2018\/12\/20181002_160726-768x576.jpg 768w, https:\/\/kleinjogg.ch\/wordpress\/wp-content\/uploads\/2018\/12\/20181002_160726-676x507.jpg 676w\" sizes=\"auto, (max-width: 1024px) 100vw, 1024px\" \/><\/figure><\/li><li class=\"blocks-gallery-item\"><figure><img loading=\"lazy\" decoding=\"async\" width=\"1024\" height=\"767\" src=\"https:\/\/kleinjogg.ch\/wordpress\/wp-content\/uploads\/2018\/12\/IMG_3338-1024x767.jpg\" alt=\"\" data-id=\"1204\" data-link=\"https:\/\/kleinjogg.ch\/wordpress\/?attachment_id=1204\" class=\"wp-image-1204\" srcset=\"https:\/\/kleinjogg.ch\/wordpress\/wp-content\/uploads\/2018\/12\/IMG_3338-1024x767.jpg 1024w, https:\/\/kleinjogg.ch\/wordpress\/wp-content\/uploads\/2018\/12\/IMG_3338-300x225.jpg 300w, https:\/\/kleinjogg.ch\/wordpress\/wp-content\/uploads\/2018\/12\/IMG_3338-768x576.jpg 768w, https:\/\/kleinjogg.ch\/wordpress\/wp-content\/uploads\/2018\/12\/IMG_3338-676x507.jpg 676w\" sizes=\"auto, (max-width: 1024px) 100vw, 1024px\" \/><\/figure><\/li><li class=\"blocks-gallery-item\"><figure><img loading=\"lazy\" decoding=\"async\" width=\"1024\" height=\"767\" src=\"https:\/\/kleinjogg.ch\/wordpress\/wp-content\/uploads\/2018\/12\/IMG_3341-Kopie-1024x767.jpg\" alt=\"\" data-id=\"1205\" data-link=\"https:\/\/kleinjogg.ch\/wordpress\/?attachment_id=1205\" class=\"wp-image-1205\" srcset=\"https:\/\/kleinjogg.ch\/wordpress\/wp-content\/uploads\/2018\/12\/IMG_3341-Kopie-1024x767.jpg 1024w, https:\/\/kleinjogg.ch\/wordpress\/wp-content\/uploads\/2018\/12\/IMG_3341-Kopie-300x225.jpg 300w, https:\/\/kleinjogg.ch\/wordpress\/wp-content\/uploads\/2018\/12\/IMG_3341-Kopie-768x576.jpg 768w, https:\/\/kleinjogg.ch\/wordpress\/wp-content\/uploads\/2018\/12\/IMG_3341-Kopie-676x507.jpg 676w\" sizes=\"auto, (max-width: 1024px) 100vw, 1024px\" \/><figcaption class=\"blocks-gallery-item__caption\"><br><\/figcaption><\/figure><\/li><li class=\"blocks-gallery-item\"><figure><img loading=\"lazy\" decoding=\"async\" width=\"1024\" height=\"767\" src=\"https:\/\/kleinjogg.ch\/wordpress\/wp-content\/uploads\/2018\/12\/IMG_3349-1024x767.jpg\" alt=\"\" data-id=\"1206\" data-link=\"https:\/\/kleinjogg.ch\/wordpress\/?attachment_id=1206\" class=\"wp-image-1206\" srcset=\"https:\/\/kleinjogg.ch\/wordpress\/wp-content\/uploads\/2018\/12\/IMG_3349-1024x767.jpg 1024w, https:\/\/kleinjogg.ch\/wordpress\/wp-content\/uploads\/2018\/12\/IMG_3349-300x225.jpg 300w, https:\/\/kleinjogg.ch\/wordpress\/wp-content\/uploads\/2018\/12\/IMG_3349-768x576.jpg 768w, https:\/\/kleinjogg.ch\/wordpress\/wp-content\/uploads\/2018\/12\/IMG_3349-676x507.jpg 676w\" sizes=\"auto, (max-width: 1024px) 100vw, 1024px\" \/><\/figure><\/li><li class=\"blocks-gallery-item\"><figure><img loading=\"lazy\" decoding=\"async\" width=\"1024\" height=\"767\" src=\"https:\/\/kleinjogg.ch\/wordpress\/wp-content\/uploads\/2018\/12\/IMG_3352-1024x767.jpg\" alt=\"\" data-id=\"1207\" data-link=\"https:\/\/kleinjogg.ch\/wordpress\/?attachment_id=1207\" class=\"wp-image-1207\" srcset=\"https:\/\/kleinjogg.ch\/wordpress\/wp-content\/uploads\/2018\/12\/IMG_3352-1024x767.jpg 1024w, https:\/\/kleinjogg.ch\/wordpress\/wp-content\/uploads\/2018\/12\/IMG_3352-300x225.jpg 300w, https:\/\/kleinjogg.ch\/wordpress\/wp-content\/uploads\/2018\/12\/IMG_3352-768x576.jpg 768w, https:\/\/kleinjogg.ch\/wordpress\/wp-content\/uploads\/2018\/12\/IMG_3352-676x507.jpg 676w\" sizes=\"auto, (max-width: 1024px) 100vw, 1024px\" \/><\/figure><\/li><li class=\"blocks-gallery-item\"><figure><img loading=\"lazy\" decoding=\"async\" width=\"1024\" height=\"767\" src=\"https:\/\/kleinjogg.ch\/wordpress\/wp-content\/uploads\/2018\/12\/IMG_3354-1024x767.jpg\" alt=\"\" data-id=\"1208\" data-link=\"https:\/\/kleinjogg.ch\/wordpress\/?attachment_id=1208\" class=\"wp-image-1208\" srcset=\"https:\/\/kleinjogg.ch\/wordpress\/wp-content\/uploads\/2018\/12\/IMG_3354-1024x767.jpg 1024w, https:\/\/kleinjogg.ch\/wordpress\/wp-content\/uploads\/2018\/12\/IMG_3354-300x225.jpg 300w, https:\/\/kleinjogg.ch\/wordpress\/wp-content\/uploads\/2018\/12\/IMG_3354-768x576.jpg 768w, https:\/\/kleinjogg.ch\/wordpress\/wp-content\/uploads\/2018\/12\/IMG_3354-676x507.jpg 676w\" sizes=\"auto, (max-width: 1024px) 100vw, 1024px\" \/><figcaption class=\"blocks-gallery-item__caption\"><br><em>Der Kleinjogg Kulutrverein durfte eine sehr spannende, abwechslungsreiche und witzige F\u00fchrung geniessen &#8211; Herzlichen Dank!<\/em><\/figcaption><\/figure><\/li><li class=\"blocks-gallery-item\"><figure><img loading=\"lazy\" decoding=\"async\" width=\"767\" height=\"1024\" src=\"https:\/\/kleinjogg.ch\/wordpress\/wp-content\/uploads\/2018\/12\/IMG_3356-767x1024.jpg\" alt=\"\" data-id=\"1209\" data-link=\"https:\/\/kleinjogg.ch\/wordpress\/?attachment_id=1209\" class=\"wp-image-1209\" srcset=\"https:\/\/kleinjogg.ch\/wordpress\/wp-content\/uploads\/2018\/12\/IMG_3356-767x1024.jpg 767w, https:\/\/kleinjogg.ch\/wordpress\/wp-content\/uploads\/2018\/12\/IMG_3356-225x300.jpg 225w, https:\/\/kleinjogg.ch\/wordpress\/wp-content\/uploads\/2018\/12\/IMG_3356-768x1025.jpg 768w, https:\/\/kleinjogg.ch\/wordpress\/wp-content\/uploads\/2018\/12\/IMG_3356-676x902.jpg 676w, https:\/\/kleinjogg.ch\/wordpress\/wp-content\/uploads\/2018\/12\/IMG_3356.jpg 1753w\" sizes=\"auto, (max-width: 767px) 100vw, 767px\" \/><\/figure><\/li><\/ul><\/figure>\n\n\n\n<figure class=\"wp-block-image\"><img loading=\"lazy\" decoding=\"async\" width=\"790\" height=\"1024\" src=\"https:\/\/kleinjogg.ch\/wordpress\/wp-content\/uploads\/2018\/12\/Gedicht_H.H.Zweifel_Kleinjogg_Okt2018263-790x1024.jpg\" alt=\"\" class=\"wp-image-1211\" srcset=\"https:\/\/kleinjogg.ch\/wordpress\/wp-content\/uploads\/2018\/12\/Gedicht_H.H.Zweifel_Kleinjogg_Okt2018263-790x1024.jpg 790w, https:\/\/kleinjogg.ch\/wordpress\/wp-content\/uploads\/2018\/12\/Gedicht_H.H.Zweifel_Kleinjogg_Okt2018263-231x300.jpg 231w, https:\/\/kleinjogg.ch\/wordpress\/wp-content\/uploads\/2018\/12\/Gedicht_H.H.Zweifel_Kleinjogg_Okt2018263-768x996.jpg 768w, https:\/\/kleinjogg.ch\/wordpress\/wp-content\/uploads\/2018\/12\/Gedicht_H.H.Zweifel_Kleinjogg_Okt2018263-676x876.jpg 676w, https:\/\/kleinjogg.ch\/wordpress\/wp-content\/uploads\/2018\/12\/Gedicht_H.H.Zweifel_Kleinjogg_Okt2018263.jpg 1144w\" sizes=\"auto, (max-width: 790px) 100vw, 790px\" \/><figcaption>Kleinjogg-Verse von H. H. Zweifel, 2018<\/figcaption><\/figure>\n\n\n\n<p><\/p>\n\n\n\n<figure class=\"wp-block-gallery columns-1 is-cropped wp-block-gallery-2 is-layout-flex wp-block-gallery-is-layout-flex\"><ul class=\"blocks-gallery-grid\"><li class=\"blocks-gallery-item\"><figure><img loading=\"lazy\" decoding=\"async\" width=\"1024\" height=\"767\" src=\"https:\/\/kleinjogg.ch\/wordpress\/wp-content\/uploads\/2018\/12\/20181002_155028-1024x767.jpg\" alt=\"\" data-id=\"1210\" data-link=\"https:\/\/kleinjogg.ch\/wordpress\/?attachment_id=1210\" class=\"wp-image-1210\" srcset=\"https:\/\/kleinjogg.ch\/wordpress\/wp-content\/uploads\/2018\/12\/20181002_155028-1024x767.jpg 1024w, https:\/\/kleinjogg.ch\/wordpress\/wp-content\/uploads\/2018\/12\/20181002_155028-300x225.jpg 300w, https:\/\/kleinjogg.ch\/wordpress\/wp-content\/uploads\/2018\/12\/20181002_155028-768x576.jpg 768w, https:\/\/kleinjogg.ch\/wordpress\/wp-content\/uploads\/2018\/12\/20181002_155028-676x507.jpg 676w\" sizes=\"auto, (max-width: 1024px) 100vw, 1024px\" \/><\/figure><\/li><\/ul><\/figure>\n","protected":false},"excerpt":{"rendered":"<p>Anfangs Oktober 2019 wurde der Kleinjogg Kulturverein durch Senior-Chef H. H. Zweifel in die Fabrik in Spreitenbach eingeladen. Wir erhielten einen \u00dcberblick zur Firmengeschichte, den Produkten und durften auf dem Betriebsrundgang live sehen, wie die von Schweizer Bauern angebauten H\u00e4rd\u00f6pfel, von der Knolle bis zum fertigen Chips in der T\u00fcte, veredelt werden. Dieser Blick hinter [&hellip;]<\/p>\n","protected":false},"author":1,"featured_media":0,"parent":1693,"menu_order":3,"comment_status":"closed","ping_status":"closed","template":"","meta":{"footnotes":""},"class_list":["post-1189","page","type-page","status-publish","hentry","post-preview"],"_links":{"self":[{"href":"https:\/\/kleinjogg.ch\/wordpress\/wp-json\/wp\/v2\/pages\/1189","targetHints":{"allow":["GET"]}}],"collection":[{"href":"https:\/\/kleinjogg.ch\/wordpress\/wp-json\/wp\/v2\/pages"}],"about":[{"href":"https:\/\/kleinjogg.ch\/wordpress\/wp-json\/wp\/v2\/types\/page"}],"author":[{"embeddable":true,"href":"https:\/\/kleinjogg.ch\/wordpress\/wp-json\/wp\/v2\/users\/1"}],"replies":[{"embeddable":true,"href":"https:\/\/kleinjogg.ch\/wordpress\/wp-json\/wp\/v2\/comments?post=1189"}],"version-history":[{"count":18,"href":"https:\/\/kleinjogg.ch\/wordpress\/wp-json\/wp\/v2\/pages\/1189\/revisions"}],"predecessor-version":[{"id":1692,"href":"https:\/\/kleinjogg.ch\/wordpress\/wp-json\/wp\/v2\/pages\/1189\/revisions\/1692"}],"up":[{"embeddable":true,"href":"https:\/\/kleinjogg.ch\/wordpress\/wp-json\/wp\/v2\/pages\/1693"}],"wp:attachment":[{"href":"https:\/\/kleinjogg.ch\/wordpress\/wp-json\/wp\/v2\/media?parent=1189"}],"curies":[{"name":"wp","href":"https:\/\/api.w.org\/{rel}","templated":true}]}}