{"id":1285,"date":"2019-05-27T17:31:26","date_gmt":"2019-05-27T15:31:26","guid":{"rendered":"http:\/\/kleinjogg.ch\/wordpress\/?page_id=1285"},"modified":"2020-11-20T11:38:55","modified_gmt":"2020-11-20T09:38:55","slug":"waldrundgang-mit-dem-ustermer-foerster","status":"publish","type":"page","link":"https:\/\/kleinjogg.ch\/wordpress\/kleinjogg-kulturverein\/veranstaltungen-2019\/waldrundgang-mit-dem-ustermer-foerster\/","title":{"rendered":"Mit dem Stadtf\u00f6rster Benjamin Kistner durch den Wald"},"content":{"rendered":"\n<p>Der Kleinjogg Kulturverein organisierte am Sonntag, 19. Mai 2019 einen \u00f6ffentlichen Waldrundgang. Viele Interessierte aus der Region nahmen die Gelegenheit wahr, spannende und interessante Informationen  vom Ustermer Stadtf\u00f6rster Benjamin Kistner und von Hans Streit, Pr\u00e4sident der Privatwaldkooperation Uster, aus erster Hand zu erfahren.<\/p>\n\n\n\n<figure class=\"wp-block-gallery columns-1  aligncenter wp-block-gallery-1 is-layout-flex wp-block-gallery-is-layout-flex\"><ul class=\"blocks-gallery-grid\"><li class=\"blocks-gallery-item\"><figure><img loading=\"lazy\" decoding=\"async\" width=\"1024\" height=\"767\" src=\"https:\/\/kleinjogg.ch\/wordpress\/wp-content\/uploads\/2019\/05\/Kleinjogg-Kulturverein-Waldrundgang-1-1-1024x767.jpg\" alt=\"\" data-id=\"1298\" data-link=\"https:\/\/kleinjogg.ch\/wordpress\/?attachment_id=1298\" class=\"wp-image-1298\" srcset=\"https:\/\/kleinjogg.ch\/wordpress\/wp-content\/uploads\/2019\/05\/Kleinjogg-Kulturverein-Waldrundgang-1-1-1024x767.jpg 1024w, https:\/\/kleinjogg.ch\/wordpress\/wp-content\/uploads\/2019\/05\/Kleinjogg-Kulturverein-Waldrundgang-1-1-300x225.jpg 300w, https:\/\/kleinjogg.ch\/wordpress\/wp-content\/uploads\/2019\/05\/Kleinjogg-Kulturverein-Waldrundgang-1-1-768x576.jpg 768w, https:\/\/kleinjogg.ch\/wordpress\/wp-content\/uploads\/2019\/05\/Kleinjogg-Kulturverein-Waldrundgang-1-1-676x507.jpg 676w, https:\/\/kleinjogg.ch\/wordpress\/wp-content\/uploads\/2019\/05\/Kleinjogg-Kulturverein-Waldrundgang-1-1.jpg 1169w\" sizes=\"auto, (max-width: 1024px) 100vw, 1024px\" \/><figcaption class=\"blocks-gallery-item__caption\">Rund 65 Personen nahmen am Rundgang teil.<\/figcaption><\/figure><\/li><li class=\"blocks-gallery-item\"><figure><img loading=\"lazy\" decoding=\"async\" width=\"767\" height=\"1024\" src=\"https:\/\/kleinjogg.ch\/wordpress\/wp-content\/uploads\/2019\/05\/Kleinjogg-Kulturverein-Waldrundgang-2-1-767x1024.jpg\" alt=\"\" data-id=\"1299\" data-link=\"https:\/\/kleinjogg.ch\/wordpress\/?attachment_id=1299\" class=\"wp-image-1299\" srcset=\"https:\/\/kleinjogg.ch\/wordpress\/wp-content\/uploads\/2019\/05\/Kleinjogg-Kulturverein-Waldrundgang-2-1-767x1024.jpg 767w, https:\/\/kleinjogg.ch\/wordpress\/wp-content\/uploads\/2019\/05\/Kleinjogg-Kulturverein-Waldrundgang-2-1-225x300.jpg 225w, https:\/\/kleinjogg.ch\/wordpress\/wp-content\/uploads\/2019\/05\/Kleinjogg-Kulturverein-Waldrundgang-2-1-768x1025.jpg 768w, https:\/\/kleinjogg.ch\/wordpress\/wp-content\/uploads\/2019\/05\/Kleinjogg-Kulturverein-Waldrundgang-2-1-676x902.jpg 676w, https:\/\/kleinjogg.ch\/wordpress\/wp-content\/uploads\/2019\/05\/Kleinjogg-Kulturverein-Waldrundgang-2-1.jpg 876w\" sizes=\"auto, (max-width: 767px) 100vw, 767px\" \/><figcaption class=\"blocks-gallery-item__caption\">Stadtf\u00f6rster Benjamin Kistner veranschaulicht mit Vergleichen imposant, wie Energieholz genutzt werden kann.<\/figcaption><\/figure><\/li><li class=\"blocks-gallery-item\"><figure><img loading=\"lazy\" decoding=\"async\" width=\"767\" height=\"1024\" src=\"https:\/\/kleinjogg.ch\/wordpress\/wp-content\/uploads\/2019\/05\/Kleinjogg-Kulturverein-Waldrundgang-3-1-767x1024.jpg\" alt=\"\" data-id=\"1300\" data-link=\"https:\/\/kleinjogg.ch\/wordpress\/?attachment_id=1300\" class=\"wp-image-1300\" srcset=\"https:\/\/kleinjogg.ch\/wordpress\/wp-content\/uploads\/2019\/05\/Kleinjogg-Kulturverein-Waldrundgang-3-1-767x1024.jpg 767w, https:\/\/kleinjogg.ch\/wordpress\/wp-content\/uploads\/2019\/05\/Kleinjogg-Kulturverein-Waldrundgang-3-1-225x300.jpg 225w, https:\/\/kleinjogg.ch\/wordpress\/wp-content\/uploads\/2019\/05\/Kleinjogg-Kulturverein-Waldrundgang-3-1-768x1025.jpg 768w, https:\/\/kleinjogg.ch\/wordpress\/wp-content\/uploads\/2019\/05\/Kleinjogg-Kulturverein-Waldrundgang-3-1-676x902.jpg 676w, https:\/\/kleinjogg.ch\/wordpress\/wp-content\/uploads\/2019\/05\/Kleinjogg-Kulturverein-Waldrundgang-3-1.jpg 876w\" sizes=\"auto, (max-width: 767px) 100vw, 767px\" \/><figcaption class=\"blocks-gallery-item__caption\">Begutachtung der wenigen alten B\u00e4ume im Ustermer Wald. Diese drei Douglasien konnten dem Orkan Lothar 1999 stand halten.<\/figcaption><\/figure><\/li><li class=\"blocks-gallery-item\"><figure><img loading=\"lazy\" decoding=\"async\" width=\"1024\" height=\"767\" src=\"https:\/\/kleinjogg.ch\/wordpress\/wp-content\/uploads\/2019\/05\/Kleinjogg-Kulturverein-Waldrundgang-4-1-1024x767.jpg\" alt=\"\" data-id=\"1301\" data-link=\"https:\/\/kleinjogg.ch\/wordpress\/?attachment_id=1301\" class=\"wp-image-1301\" srcset=\"https:\/\/kleinjogg.ch\/wordpress\/wp-content\/uploads\/2019\/05\/Kleinjogg-Kulturverein-Waldrundgang-4-1-1024x767.jpg 1024w, https:\/\/kleinjogg.ch\/wordpress\/wp-content\/uploads\/2019\/05\/Kleinjogg-Kulturverein-Waldrundgang-4-1-300x225.jpg 300w, https:\/\/kleinjogg.ch\/wordpress\/wp-content\/uploads\/2019\/05\/Kleinjogg-Kulturverein-Waldrundgang-4-1-768x576.jpg 768w, https:\/\/kleinjogg.ch\/wordpress\/wp-content\/uploads\/2019\/05\/Kleinjogg-Kulturverein-Waldrundgang-4-1-676x507.jpg 676w, https:\/\/kleinjogg.ch\/wordpress\/wp-content\/uploads\/2019\/05\/Kleinjogg-Kulturverein-Waldrundgang-4-1.jpg 1169w\" sizes=\"auto, (max-width: 1024px) 100vw, 1024px\" \/><figcaption class=\"blocks-gallery-item__caption\">Hans Streit erz\u00e4hlt von seinen Arbeiten im Wald. Diese Fl\u00e4che musste wegen dem Eschentriebsterben neu bepflanzt werden.<\/figcaption><\/figure><\/li><li class=\"blocks-gallery-item\"><figure><img loading=\"lazy\" decoding=\"async\" width=\"1024\" height=\"767\" src=\"https:\/\/kleinjogg.ch\/wordpress\/wp-content\/uploads\/2019\/05\/Kleinjogg-Kulturverein-Waldrundgang-5-1-1024x767.jpg\" alt=\"\" data-id=\"1302\" data-link=\"https:\/\/kleinjogg.ch\/wordpress\/?attachment_id=1302\" class=\"wp-image-1302\" srcset=\"https:\/\/kleinjogg.ch\/wordpress\/wp-content\/uploads\/2019\/05\/Kleinjogg-Kulturverein-Waldrundgang-5-1-1024x767.jpg 1024w, https:\/\/kleinjogg.ch\/wordpress\/wp-content\/uploads\/2019\/05\/Kleinjogg-Kulturverein-Waldrundgang-5-1-300x225.jpg 300w, https:\/\/kleinjogg.ch\/wordpress\/wp-content\/uploads\/2019\/05\/Kleinjogg-Kulturverein-Waldrundgang-5-1-768x576.jpg 768w, https:\/\/kleinjogg.ch\/wordpress\/wp-content\/uploads\/2019\/05\/Kleinjogg-Kulturverein-Waldrundgang-5-1-676x507.jpg 676w, https:\/\/kleinjogg.ch\/wordpress\/wp-content\/uploads\/2019\/05\/Kleinjogg-Kulturverein-Waldrundgang-5-1.jpg 1169w\" sizes=\"auto, (max-width: 1024px) 100vw, 1024px\" \/><figcaption class=\"blocks-gallery-item__caption\">Benjamin Kistner zeigt dem Publikum, was die Unterschiede zwischen vielseitigen nat\u00fcrlichen und Nutzw\u00e4ldern sind und was die Folgen sein k\u00f6nnen.<\/figcaption><\/figure><\/li><li class=\"blocks-gallery-item\"><figure><img loading=\"lazy\" decoding=\"async\" width=\"498\" height=\"1024\" src=\"https:\/\/kleinjogg.ch\/wordpress\/wp-content\/uploads\/2019\/05\/Kleinjogg-Kulturverein-Waldrundgang-13-498x1024.jpg\" alt=\"\" data-id=\"1310\" data-link=\"https:\/\/kleinjogg.ch\/wordpress\/?attachment_id=1310\" class=\"wp-image-1310\" srcset=\"https:\/\/kleinjogg.ch\/wordpress\/wp-content\/uploads\/2019\/05\/Kleinjogg-Kulturverein-Waldrundgang-13-498x1024.jpg 498w, https:\/\/kleinjogg.ch\/wordpress\/wp-content\/uploads\/2019\/05\/Kleinjogg-Kulturverein-Waldrundgang-13-146x300.jpg 146w, https:\/\/kleinjogg.ch\/wordpress\/wp-content\/uploads\/2019\/05\/Kleinjogg-Kulturverein-Waldrundgang-13.jpg 568w\" sizes=\"auto, (max-width: 498px) 100vw, 498px\" \/><figcaption class=\"blocks-gallery-item__caption\">Florentina Gartmann stellt den Nussbaum Sortengarten Wermatswil, welcher von Urs S\u00e4gesser und seinem Team in Zusammenarbeit mit Fructus gepflegt wird, vor.<\/figcaption><\/figure><\/li><li class=\"blocks-gallery-item\"><figure><img loading=\"lazy\" decoding=\"async\" width=\"498\" height=\"1024\" src=\"https:\/\/kleinjogg.ch\/wordpress\/wp-content\/uploads\/2019\/05\/Kleinjogg-Kulturverein-Waldrundgang-14-498x1024.jpg\" alt=\"\" data-id=\"1311\" data-link=\"https:\/\/kleinjogg.ch\/wordpress\/?attachment_id=1311\" class=\"wp-image-1311\" srcset=\"https:\/\/kleinjogg.ch\/wordpress\/wp-content\/uploads\/2019\/05\/Kleinjogg-Kulturverein-Waldrundgang-14-498x1024.jpg 498w, https:\/\/kleinjogg.ch\/wordpress\/wp-content\/uploads\/2019\/05\/Kleinjogg-Kulturverein-Waldrundgang-14-146x300.jpg 146w, https:\/\/kleinjogg.ch\/wordpress\/wp-content\/uploads\/2019\/05\/Kleinjogg-Kulturverein-Waldrundgang-14.jpg 568w\" sizes=\"auto, (max-width: 498px) 100vw, 498px\" \/><figcaption class=\"blocks-gallery-item__caption\">Jung und Alt erfreuten sich am Waldspaziergang.<\/figcaption><\/figure><\/li><li class=\"blocks-gallery-item\"><figure><img loading=\"lazy\" decoding=\"async\" width=\"1024\" height=\"498\" src=\"https:\/\/kleinjogg.ch\/wordpress\/wp-content\/uploads\/2019\/05\/Kleinjogg-Kulturverein-Waldrundgang-15-1024x498.jpg\" alt=\"\" data-id=\"1312\" data-link=\"https:\/\/kleinjogg.ch\/wordpress\/?attachment_id=1312\" class=\"wp-image-1312\" srcset=\"https:\/\/kleinjogg.ch\/wordpress\/wp-content\/uploads\/2019\/05\/Kleinjogg-Kulturverein-Waldrundgang-15-1024x498.jpg 1024w, https:\/\/kleinjogg.ch\/wordpress\/wp-content\/uploads\/2019\/05\/Kleinjogg-Kulturverein-Waldrundgang-15-300x146.jpg 300w, https:\/\/kleinjogg.ch\/wordpress\/wp-content\/uploads\/2019\/05\/Kleinjogg-Kulturverein-Waldrundgang-15-768x373.jpg 768w, https:\/\/kleinjogg.ch\/wordpress\/wp-content\/uploads\/2019\/05\/Kleinjogg-Kulturverein-Waldrundgang-15-676x328.jpg 676w, https:\/\/kleinjogg.ch\/wordpress\/wp-content\/uploads\/2019\/05\/Kleinjogg-Kulturverein-Waldrundgang-15.jpg 1169w\" sizes=\"auto, (max-width: 1024px) 100vw, 1024px\" \/><figcaption class=\"blocks-gallery-item__caption\">Hans Streit stellt die langj\u00e4hrige T\u00e4tigkeit der Frisa Turner vor, welche schon tausende B\u00e4ume in unserem Wald neu gepflanzt haben.<\/figcaption><\/figure><\/li><li class=\"blocks-gallery-item\"><figure><img loading=\"lazy\" decoding=\"async\" width=\"1024\" height=\"498\" src=\"https:\/\/kleinjogg.ch\/wordpress\/wp-content\/uploads\/2019\/05\/Kleinjogg-Kulturverein-Waldrundgang-16-1024x498.jpg\" alt=\"\" data-id=\"1313\" data-link=\"https:\/\/kleinjogg.ch\/wordpress\/?attachment_id=1313\" class=\"wp-image-1313\" srcset=\"https:\/\/kleinjogg.ch\/wordpress\/wp-content\/uploads\/2019\/05\/Kleinjogg-Kulturverein-Waldrundgang-16-1024x498.jpg 1024w, https:\/\/kleinjogg.ch\/wordpress\/wp-content\/uploads\/2019\/05\/Kleinjogg-Kulturverein-Waldrundgang-16-300x146.jpg 300w, https:\/\/kleinjogg.ch\/wordpress\/wp-content\/uploads\/2019\/05\/Kleinjogg-Kulturverein-Waldrundgang-16-768x373.jpg 768w, https:\/\/kleinjogg.ch\/wordpress\/wp-content\/uploads\/2019\/05\/Kleinjogg-Kulturverein-Waldrundgang-16-676x328.jpg 676w, https:\/\/kleinjogg.ch\/wordpress\/wp-content\/uploads\/2019\/05\/Kleinjogg-Kulturverein-Waldrundgang-16.jpg 1169w\" sizes=\"auto, (max-width: 1024px) 100vw, 1024px\" \/><\/figure><\/li><li class=\"blocks-gallery-item\"><figure><img loading=\"lazy\" decoding=\"async\" width=\"1024\" height=\"498\" src=\"https:\/\/kleinjogg.ch\/wordpress\/wp-content\/uploads\/2019\/05\/Kleinjogg-Kulturverein-Waldrundgang-18-1024x498.jpg\" alt=\"\" data-id=\"1315\" data-link=\"https:\/\/kleinjogg.ch\/wordpress\/?attachment_id=1315\" class=\"wp-image-1315\" srcset=\"https:\/\/kleinjogg.ch\/wordpress\/wp-content\/uploads\/2019\/05\/Kleinjogg-Kulturverein-Waldrundgang-18-1024x498.jpg 1024w, https:\/\/kleinjogg.ch\/wordpress\/wp-content\/uploads\/2019\/05\/Kleinjogg-Kulturverein-Waldrundgang-18-300x146.jpg 300w, https:\/\/kleinjogg.ch\/wordpress\/wp-content\/uploads\/2019\/05\/Kleinjogg-Kulturverein-Waldrundgang-18-768x373.jpg 768w, https:\/\/kleinjogg.ch\/wordpress\/wp-content\/uploads\/2019\/05\/Kleinjogg-Kulturverein-Waldrundgang-18-676x328.jpg 676w, https:\/\/kleinjogg.ch\/wordpress\/wp-content\/uploads\/2019\/05\/Kleinjogg-Kulturverein-Waldrundgang-18.jpg 1169w\" sizes=\"auto, (max-width: 1024px) 100vw, 1024px\" \/><\/figure><\/li><li class=\"blocks-gallery-item\"><figure><img loading=\"lazy\" decoding=\"async\" width=\"1024\" height=\"767\" src=\"https:\/\/kleinjogg.ch\/wordpress\/wp-content\/uploads\/2019\/05\/Kleinjogg-Kulturverein-Waldrundgang-6-2-1024x767.jpg\" alt=\"\" data-id=\"1317\" data-link=\"https:\/\/kleinjogg.ch\/wordpress\/?attachment_id=1317\" class=\"wp-image-1317\" srcset=\"https:\/\/kleinjogg.ch\/wordpress\/wp-content\/uploads\/2019\/05\/Kleinjogg-Kulturverein-Waldrundgang-6-2-1024x767.jpg 1024w, https:\/\/kleinjogg.ch\/wordpress\/wp-content\/uploads\/2019\/05\/Kleinjogg-Kulturverein-Waldrundgang-6-2-300x225.jpg 300w, https:\/\/kleinjogg.ch\/wordpress\/wp-content\/uploads\/2019\/05\/Kleinjogg-Kulturverein-Waldrundgang-6-2-768x576.jpg 768w, https:\/\/kleinjogg.ch\/wordpress\/wp-content\/uploads\/2019\/05\/Kleinjogg-Kulturverein-Waldrundgang-6-2-676x507.jpg 676w, https:\/\/kleinjogg.ch\/wordpress\/wp-content\/uploads\/2019\/05\/Kleinjogg-Kulturverein-Waldrundgang-6-2.jpg 1169w\" sizes=\"auto, (max-width: 1024px) 100vw, 1024px\" \/><figcaption class=\"blocks-gallery-item__caption\">In einer Waldlichtung wird von Wildtieren und der Jagt berichtet und es k\u00f6nnen Wildschweinspuren beobachtet werden.<\/figcaption><\/figure><\/li><li class=\"blocks-gallery-item\"><figure><img loading=\"lazy\" decoding=\"async\" width=\"1024\" height=\"767\" src=\"https:\/\/kleinjogg.ch\/wordpress\/wp-content\/uploads\/2019\/05\/Kleinjogg-Kulturverein-Waldrundgang-8-2-1024x767.jpg\" alt=\"\" data-id=\"1319\" data-link=\"https:\/\/kleinjogg.ch\/wordpress\/?attachment_id=1319\" class=\"wp-image-1319\" srcset=\"https:\/\/kleinjogg.ch\/wordpress\/wp-content\/uploads\/2019\/05\/Kleinjogg-Kulturverein-Waldrundgang-8-2-1024x767.jpg 1024w, https:\/\/kleinjogg.ch\/wordpress\/wp-content\/uploads\/2019\/05\/Kleinjogg-Kulturverein-Waldrundgang-8-2-300x225.jpg 300w, https:\/\/kleinjogg.ch\/wordpress\/wp-content\/uploads\/2019\/05\/Kleinjogg-Kulturverein-Waldrundgang-8-2-768x576.jpg 768w, https:\/\/kleinjogg.ch\/wordpress\/wp-content\/uploads\/2019\/05\/Kleinjogg-Kulturverein-Waldrundgang-8-2-676x507.jpg 676w, https:\/\/kleinjogg.ch\/wordpress\/wp-content\/uploads\/2019\/05\/Kleinjogg-Kulturverein-Waldrundgang-8-2.jpg 1169w\" sizes=\"auto, (max-width: 1024px) 100vw, 1024px\" \/><figcaption class=\"blocks-gallery-item__caption\"><em>Baumrinde mit Borkenk\u00e4fer-Larven<\/em><\/figcaption><\/figure><\/li><li class=\"blocks-gallery-item\"><figure><img loading=\"lazy\" decoding=\"async\" width=\"1024\" height=\"767\" src=\"https:\/\/kleinjogg.ch\/wordpress\/wp-content\/uploads\/2019\/05\/Kleinjogg-Kulturverein-Waldrundgang-9-2-1024x767.jpg\" alt=\"\" data-id=\"1320\" data-link=\"https:\/\/kleinjogg.ch\/wordpress\/?attachment_id=1320\" class=\"wp-image-1320\" srcset=\"https:\/\/kleinjogg.ch\/wordpress\/wp-content\/uploads\/2019\/05\/Kleinjogg-Kulturverein-Waldrundgang-9-2-1024x767.jpg 1024w, https:\/\/kleinjogg.ch\/wordpress\/wp-content\/uploads\/2019\/05\/Kleinjogg-Kulturverein-Waldrundgang-9-2-300x225.jpg 300w, https:\/\/kleinjogg.ch\/wordpress\/wp-content\/uploads\/2019\/05\/Kleinjogg-Kulturverein-Waldrundgang-9-2-768x576.jpg 768w, https:\/\/kleinjogg.ch\/wordpress\/wp-content\/uploads\/2019\/05\/Kleinjogg-Kulturverein-Waldrundgang-9-2-676x507.jpg 676w, https:\/\/kleinjogg.ch\/wordpress\/wp-content\/uploads\/2019\/05\/Kleinjogg-Kulturverein-Waldrundgang-9-2.jpg 1169w\" sizes=\"auto, (max-width: 1024px) 100vw, 1024px\" \/><\/figure><\/li><li class=\"blocks-gallery-item\"><figure><img loading=\"lazy\" decoding=\"async\" width=\"1024\" height=\"767\" src=\"https:\/\/kleinjogg.ch\/wordpress\/wp-content\/uploads\/2019\/05\/Kleinjogg-Kulturverein-Waldrundgang-10-2-1024x767.jpg\" alt=\"\" data-id=\"1321\" data-link=\"https:\/\/kleinjogg.ch\/wordpress\/?attachment_id=1321\" class=\"wp-image-1321\" srcset=\"https:\/\/kleinjogg.ch\/wordpress\/wp-content\/uploads\/2019\/05\/Kleinjogg-Kulturverein-Waldrundgang-10-2-1024x767.jpg 1024w, https:\/\/kleinjogg.ch\/wordpress\/wp-content\/uploads\/2019\/05\/Kleinjogg-Kulturverein-Waldrundgang-10-2-300x225.jpg 300w, https:\/\/kleinjogg.ch\/wordpress\/wp-content\/uploads\/2019\/05\/Kleinjogg-Kulturverein-Waldrundgang-10-2-768x576.jpg 768w, https:\/\/kleinjogg.ch\/wordpress\/wp-content\/uploads\/2019\/05\/Kleinjogg-Kulturverein-Waldrundgang-10-2-676x507.jpg 676w, https:\/\/kleinjogg.ch\/wordpress\/wp-content\/uploads\/2019\/05\/Kleinjogg-Kulturverein-Waldrundgang-10-2.jpg 1169w\" sizes=\"auto, (max-width: 1024px) 100vw, 1024px\" \/><figcaption class=\"blocks-gallery-item__caption\">Hans Streit erz\u00e4hlt von den Arbeiten des Werkheims Uster im Oberustermer Wald.<\/figcaption><\/figure><\/li><li class=\"blocks-gallery-item\"><figure><img loading=\"lazy\" decoding=\"async\" width=\"1024\" height=\"767\" src=\"https:\/\/kleinjogg.ch\/wordpress\/wp-content\/uploads\/2019\/05\/Kleinjogg-Kulturverein-Waldrundgang-11-2-1024x767.jpg\" alt=\"\" data-id=\"1322\" data-link=\"https:\/\/kleinjogg.ch\/wordpress\/?attachment_id=1322\" class=\"wp-image-1322\" srcset=\"https:\/\/kleinjogg.ch\/wordpress\/wp-content\/uploads\/2019\/05\/Kleinjogg-Kulturverein-Waldrundgang-11-2-1024x767.jpg 1024w, https:\/\/kleinjogg.ch\/wordpress\/wp-content\/uploads\/2019\/05\/Kleinjogg-Kulturverein-Waldrundgang-11-2-300x225.jpg 300w, https:\/\/kleinjogg.ch\/wordpress\/wp-content\/uploads\/2019\/05\/Kleinjogg-Kulturverein-Waldrundgang-11-2-768x576.jpg 768w, https:\/\/kleinjogg.ch\/wordpress\/wp-content\/uploads\/2019\/05\/Kleinjogg-Kulturverein-Waldrundgang-11-2-676x507.jpg 676w, https:\/\/kleinjogg.ch\/wordpress\/wp-content\/uploads\/2019\/05\/Kleinjogg-Kulturverein-Waldrundgang-11-2.jpg 1169w\" sizes=\"auto, (max-width: 1024px) 100vw, 1024px\" \/><figcaption class=\"blocks-gallery-item__caption\">Der Pr\u00e4sident Otto Schmid bedankt sich im Namen des Vorstandes beim Stadtf\u00f6rster Benjamin Kistner f\u00fcr diese F\u00fchrung.<\/figcaption><\/figure><\/li><li class=\"blocks-gallery-item\"><figure><img loading=\"lazy\" decoding=\"async\" width=\"1024\" height=\"767\" src=\"https:\/\/kleinjogg.ch\/wordpress\/wp-content\/uploads\/2019\/05\/Kleinjogg-Kulturverein-Waldrundgang-12-2-1024x767.jpg\" alt=\"\" data-id=\"1323\" data-link=\"https:\/\/kleinjogg.ch\/wordpress\/?attachment_id=1323\" class=\"wp-image-1323\" srcset=\"https:\/\/kleinjogg.ch\/wordpress\/wp-content\/uploads\/2019\/05\/Kleinjogg-Kulturverein-Waldrundgang-12-2-1024x767.jpg 1024w, https:\/\/kleinjogg.ch\/wordpress\/wp-content\/uploads\/2019\/05\/Kleinjogg-Kulturverein-Waldrundgang-12-2-300x225.jpg 300w, https:\/\/kleinjogg.ch\/wordpress\/wp-content\/uploads\/2019\/05\/Kleinjogg-Kulturverein-Waldrundgang-12-2-768x576.jpg 768w, https:\/\/kleinjogg.ch\/wordpress\/wp-content\/uploads\/2019\/05\/Kleinjogg-Kulturverein-Waldrundgang-12-2-676x507.jpg 676w, https:\/\/kleinjogg.ch\/wordpress\/wp-content\/uploads\/2019\/05\/Kleinjogg-Kulturverein-Waldrundgang-12-2.jpg 1169w\" sizes=\"auto, (max-width: 1024px) 100vw, 1024px\" \/><figcaption class=\"blocks-gallery-item__caption\">Gem\u00fctliches Beisammensein nach dem Rundgang<\/figcaption><\/figure><\/li><\/ul><\/figure>\n\n\n\n<p>Die Eigentumsverh\u00e4ltnisse des Waldes im Kanton Z\u00fcrich k\u00f6nnen der <a href=\"https:\/\/maps.zh.ch?topic=WaldEGZH&amp;scale=35666&amp;x=2696614.4&amp;y=1245644.24&amp;srid=2056\">Karte der Eigentumskategorien<\/a> entnommen werden.<\/p>\n","protected":false},"excerpt":{"rendered":"<p>Der Kleinjogg Kulturverein organisierte am Sonntag, 19. Mai 2019 einen \u00f6ffentlichen Waldrundgang. Viele Interessierte aus der Region nahmen die Gelegenheit wahr, spannende und interessante Informationen vom Ustermer Stadtf\u00f6rster Benjamin Kistner und von Hans Streit, Pr\u00e4sident der Privatwaldkooperation Uster, aus erster Hand zu erfahren. Die Eigentumsverh\u00e4ltnisse des Waldes im Kanton Z\u00fcrich k\u00f6nnen der Karte der Eigentumskategorien [&hellip;]<\/p>\n","protected":false},"author":1,"featured_media":0,"parent":1688,"menu_order":2,"comment_status":"closed","ping_status":"closed","template":"","meta":{"footnotes":""},"class_list":["post-1285","page","type-page","status-publish","hentry","post-preview"],"_links":{"self":[{"href":"https:\/\/kleinjogg.ch\/wordpress\/wp-json\/wp\/v2\/pages\/1285","targetHints":{"allow":["GET"]}}],"collection":[{"href":"https:\/\/kleinjogg.ch\/wordpress\/wp-json\/wp\/v2\/pages"}],"about":[{"href":"https:\/\/kleinjogg.ch\/wordpress\/wp-json\/wp\/v2\/types\/page"}],"author":[{"embeddable":true,"href":"https:\/\/kleinjogg.ch\/wordpress\/wp-json\/wp\/v2\/users\/1"}],"replies":[{"embeddable":true,"href":"https:\/\/kleinjogg.ch\/wordpress\/wp-json\/wp\/v2\/comments?post=1285"}],"version-history":[{"count":13,"href":"https:\/\/kleinjogg.ch\/wordpress\/wp-json\/wp\/v2\/pages\/1285\/revisions"}],"predecessor-version":[{"id":1691,"href":"https:\/\/kleinjogg.ch\/wordpress\/wp-json\/wp\/v2\/pages\/1285\/revisions\/1691"}],"up":[{"embeddable":true,"href":"https:\/\/kleinjogg.ch\/wordpress\/wp-json\/wp\/v2\/pages\/1688"}],"wp:attachment":[{"href":"https:\/\/kleinjogg.ch\/wordpress\/wp-json\/wp\/v2\/media?parent=1285"}],"curies":[{"name":"wp","href":"https:\/\/api.w.org\/{rel}","templated":true}]}}