{"id":1873,"date":"2023-04-17T08:58:00","date_gmt":"2023-04-17T06:58:00","guid":{"rendered":"http:\/\/kleinjogg.ch\/wordpress\/?page_id=1873"},"modified":"2026-01-11T15:27:04","modified_gmt":"2026-01-11T13:27:04","slug":"bauernhof-besichtigung","status":"publish","type":"page","link":"https:\/\/kleinjogg.ch\/wordpress\/kleinjogg-kulturverein\/veranstaltungen-2021\/bauernhof-besichtigung\/","title":{"rendered":"Bauernhof-Besichtigung in Seegr\u00e4ben"},"content":{"rendered":"\n<p>Mitte Oktober durften wir den Bio-Obstbau-Betrieb von Christian Guyer in Ottenhausen-Seegr\u00e4ben besuchen. Bei der interessanten Betriebsf\u00fchrung lernten wir von Christian was es braucht, um gesundes Obst zu produzieren, welchen Einfluss Wetter &amp; Klima haben, und dass seine Kundschaft die unterschiedlichen Kirschensorten, das Hochstammobst und die Beeren sch\u00e4tzt. Seit ein paar Jahren wird ausserdem Gem\u00fcse in Agroforstwirtschaft angebaut. Dies bedeutet, dass sowohl mehrj\u00e4hrige B\u00e4ume, wie auch einj\u00e4hrige landwirtschaftliche Nutzpflanzen auf der selben Fl\u00e4che angebaut werden.<\/p>\n\n\n\n<figure class=\"wp-block-gallery has-nested-images columns-default is-cropped wp-block-gallery-1 is-layout-flex wp-block-gallery-is-layout-flex\">\n<figure class=\"wp-block-image size-large\"><img decoding=\"async\" data-id=\"1728\" src=\"https:\/\/kleinjogg.ch\/wordpress\/wp-content\/uploads\/2021\/11\/DSC00383.jpg\" alt=\"\" class=\"wp-image-1728\"\/><\/figure>\n\n\n\n<figure class=\"wp-block-image size-large\"><img loading=\"lazy\" decoding=\"async\" width=\"768\" height=\"1024\" data-id=\"1732\" src=\"https:\/\/kleinjogg.ch\/wordpress\/wp-content\/uploads\/2021\/11\/IMG-20210919-WA0001-768x1024.jpg\" alt=\"\" class=\"wp-image-1732\" srcset=\"https:\/\/kleinjogg.ch\/wordpress\/wp-content\/uploads\/2021\/11\/IMG-20210919-WA0001-768x1024.jpg 768w, https:\/\/kleinjogg.ch\/wordpress\/wp-content\/uploads\/2021\/11\/IMG-20210919-WA0001-225x300.jpg 225w, https:\/\/kleinjogg.ch\/wordpress\/wp-content\/uploads\/2021\/11\/IMG-20210919-WA0001-1152x1536.jpg 1152w, https:\/\/kleinjogg.ch\/wordpress\/wp-content\/uploads\/2021\/11\/IMG-20210919-WA0001-676x901.jpg 676w, https:\/\/kleinjogg.ch\/wordpress\/wp-content\/uploads\/2021\/11\/IMG-20210919-WA0001.jpg 1512w\" sizes=\"auto, (max-width: 768px) 100vw, 768px\" \/><\/figure>\n\n\n\n<figure class=\"wp-block-image size-large\"><img loading=\"lazy\" decoding=\"async\" width=\"756\" height=\"1008\" data-id=\"1733\" src=\"https:\/\/kleinjogg.ch\/wordpress\/wp-content\/uploads\/2021\/11\/Resized_20210919_120135.jpeg\" alt=\"\" class=\"wp-image-1733\" srcset=\"https:\/\/kleinjogg.ch\/wordpress\/wp-content\/uploads\/2021\/11\/Resized_20210919_120135.jpeg 756w, https:\/\/kleinjogg.ch\/wordpress\/wp-content\/uploads\/2021\/11\/Resized_20210919_120135-225x300.jpeg 225w, https:\/\/kleinjogg.ch\/wordpress\/wp-content\/uploads\/2021\/11\/Resized_20210919_120135-676x901.jpeg 676w\" sizes=\"auto, (max-width: 756px) 100vw, 756px\" \/><\/figure>\n\n\n\n<figure class=\"wp-block-image size-large\"><img decoding=\"async\" data-id=\"1736\" src=\"https:\/\/kleinjogg.ch\/wordpress\/wp-content\/uploads\/2021\/11\/DSC00367-1.jpg\" alt=\"\" class=\"wp-image-1736\"\/><\/figure>\n\n\n\n<figure class=\"wp-block-image size-large\"><img decoding=\"async\" data-id=\"1727\" src=\"https:\/\/kleinjogg.ch\/wordpress\/wp-content\/uploads\/2021\/11\/DSC00377.jpg\" alt=\"\" class=\"wp-image-1727\"\/><\/figure>\n\n\n\n<figure class=\"wp-block-image size-large\"><img decoding=\"async\" data-id=\"1725\" src=\"https:\/\/kleinjogg.ch\/wordpress\/wp-content\/uploads\/2021\/11\/DSC00371.jpg\" alt=\"\" class=\"wp-image-1725\"\/><\/figure>\n\n\n\n<figure class=\"wp-block-image size-full\"><img decoding=\"async\" data-id=\"1740\" src=\"https:\/\/kleinjogg.ch\/wordpress\/wp-content\/uploads\/2021\/11\/DSC00370-2.jpg\" alt=\"\" class=\"wp-image-1740\"\/><\/figure>\n\n\n\n<figure class=\"wp-block-image size-large\"><img decoding=\"async\" data-id=\"1738\" src=\"https:\/\/kleinjogg.ch\/wordpress\/wp-content\/uploads\/2021\/11\/DSC00383-1.jpg\" alt=\"\" class=\"wp-image-1738\"\/><\/figure>\n\n\n\n<figure class=\"wp-block-image size-large\"><img decoding=\"async\" data-id=\"1726\" src=\"https:\/\/kleinjogg.ch\/wordpress\/wp-content\/uploads\/2021\/11\/DSC00374.jpg\" alt=\"\" class=\"wp-image-1726\"\/><\/figure>\n\n\n\n<figure class=\"wp-block-image size-large\"><img decoding=\"async\" data-id=\"1731\" src=\"https:\/\/kleinjogg.ch\/wordpress\/wp-content\/uploads\/2021\/11\/DSC00395.jpg\" alt=\"\" class=\"wp-image-1731\"\/><\/figure>\n<\/figure>\n","protected":false},"excerpt":{"rendered":"<p>Mitte Oktober durften wir den Bio-Obstbau-Betrieb von Christian Guyer in Ottenhausen-Seegr\u00e4ben besuchen. Bei der interessanten Betriebsf\u00fchrung lernten wir von Christian was es braucht, um gesundes Obst zu produzieren, welchen Einfluss Wetter &amp; Klima haben, und dass seine Kundschaft die unterschiedlichen Kirschensorten, das Hochstammobst und die Beeren sch\u00e4tzt. Seit ein paar Jahren wird ausserdem Gem\u00fcse in [&hellip;]<\/p>\n","protected":false},"author":1,"featured_media":0,"parent":1871,"menu_order":1,"comment_status":"closed","ping_status":"closed","template":"","meta":{"footnotes":""},"class_list":["post-1873","page","type-page","status-publish","hentry","post-preview"],"_links":{"self":[{"href":"https:\/\/kleinjogg.ch\/wordpress\/wp-json\/wp\/v2\/pages\/1873","targetHints":{"allow":["GET"]}}],"collection":[{"href":"https:\/\/kleinjogg.ch\/wordpress\/wp-json\/wp\/v2\/pages"}],"about":[{"href":"https:\/\/kleinjogg.ch\/wordpress\/wp-json\/wp\/v2\/types\/page"}],"author":[{"embeddable":true,"href":"https:\/\/kleinjogg.ch\/wordpress\/wp-json\/wp\/v2\/users\/1"}],"replies":[{"embeddable":true,"href":"https:\/\/kleinjogg.ch\/wordpress\/wp-json\/wp\/v2\/comments?post=1873"}],"version-history":[{"count":7,"href":"https:\/\/kleinjogg.ch\/wordpress\/wp-json\/wp\/v2\/pages\/1873\/revisions"}],"predecessor-version":[{"id":2524,"href":"https:\/\/kleinjogg.ch\/wordpress\/wp-json\/wp\/v2\/pages\/1873\/revisions\/2524"}],"up":[{"embeddable":true,"href":"https:\/\/kleinjogg.ch\/wordpress\/wp-json\/wp\/v2\/pages\/1871"}],"wp:attachment":[{"href":"https:\/\/kleinjogg.ch\/wordpress\/wp-json\/wp\/v2\/media?parent=1873"}],"curies":[{"name":"wp","href":"https:\/\/api.w.org\/{rel}","templated":true}]}}