{"id":1967,"date":"2023-06-20T22:17:03","date_gmt":"2023-06-20T20:17:03","guid":{"rendered":"http:\/\/kleinjogg.ch\/wordpress\/?page_id=1967"},"modified":"2024-06-18T10:42:05","modified_gmt":"2024-06-18T08:42:05","slug":"besuch-klostergarten-rheinau-sativa","status":"publish","type":"page","link":"https:\/\/kleinjogg.ch\/wordpress\/kleinjogg-kulturverein\/veranstaltungen-2023\/besuch-klostergarten-rheinau-sativa\/","title":{"rendered":"Besuch Kloster Rheinau &#038; Sativa Saatgut"},"content":{"rendered":"\n<h3 class=\"wp-block-heading\">Klostergarten Rheinau<\/h3>\n\n\n\n<p>Im Kanton Z\u00fcrich gibt es viele sehenswerte Orte in grossartigen Landschaften, in denen es viel Geschichte und Kultur zu bestaunen gibt. Wir Z\u00fcrcher Oberl\u00e4nder sind ins Unterland an den Rhein auf die Insel Rheinau gereist. Dieses Rheinau ist ein Juwel an Architektur, G\u00e4rten und Pl\u00e4tzen. Zu bestaunen gibt es eine der sch\u00f6nsten Barock Kirchen der Schweiz und alte Klostergeb\u00e4ude aus fr\u00fcheren Jahrhunderten. Auch die Landschaft rund um Rheinau ist voll von Sch\u00f6nheit, unser Rhein fliesst hier an den Rebh\u00e4ngen entlang. Das Dorfbild ist gepr\u00e4gt von alten Fachwerkh\u00e4usern und mitten drin ist dieser Kulturort. Die Insel Rheinau hat uns ein paar Stunden zum Verweilen eingeladen und uns viele Ideen und gute Gespr\u00e4che beschert.<\/p>\n\n\n\n<figure class=\"wp-block-image size-full\"><img decoding=\"async\" src=\"https:\/\/kleinjogg.ch\/wordpress\/wp-content\/uploads\/2023\/06\/20230616_104251-2.jpg\" alt=\"\" class=\"wp-image-1933\"\/><figcaption class=\"wp-element-caption\">Mitglieder des Kleinjogg Kulturvereins zu Besuch im Kloster Rheinau<\/figcaption><\/figure>\n\n\n\n<figure class=\"wp-block-gallery has-nested-images columns-default is-cropped wp-block-gallery-1 is-layout-flex wp-block-gallery-is-layout-flex\">\n<figure class=\"wp-block-image size-large\"><img decoding=\"async\" data-id=\"1929\" src=\"https:\/\/kleinjogg.ch\/wordpress\/wp-content\/uploads\/2023\/06\/20230616_104618-1.jpg\" alt=\"\" class=\"wp-image-1929\"\/><\/figure>\n\n\n\n<figure class=\"wp-block-image size-large\"><img decoding=\"async\" data-id=\"1939\" src=\"https:\/\/kleinjogg.ch\/wordpress\/wp-content\/uploads\/2023\/06\/20230616_113649-Kopie.jpg\" alt=\"\" class=\"wp-image-1939\"\/><\/figure>\n<\/figure>\n\n\n\n<figure class=\"wp-block-gallery has-nested-images columns-default is-cropped wp-block-gallery-2 is-layout-flex wp-block-gallery-is-layout-flex\">\n<figure class=\"wp-block-image size-full\"><img decoding=\"async\" data-id=\"1931\" src=\"https:\/\/kleinjogg.ch\/wordpress\/wp-content\/uploads\/2023\/06\/20230616_142839.jpg\" alt=\"\" class=\"wp-image-1931\"\/><figcaption class=\"wp-element-caption\">h\u00fcbsche Kornblumen vor der Sativa Saatgut<\/figcaption><\/figure>\n\n\n\n<figure class=\"wp-block-image size-full\"><img decoding=\"async\" data-id=\"1953\" src=\"https:\/\/kleinjogg.ch\/wordpress\/wp-content\/uploads\/2023\/06\/20230616_105615.jpg\" alt=\"\" class=\"wp-image-1953\"\/><figcaption class=\"wp-element-caption\">Kloster Rheinau<\/figcaption><\/figure>\n<\/figure>\n\n\n\n<figure class=\"wp-block-gallery has-nested-images columns-default is-cropped wp-block-gallery-3 is-layout-flex wp-block-gallery-is-layout-flex\">\n<figure class=\"wp-block-image size-large\"><img decoding=\"async\" data-id=\"1911\" src=\"https:\/\/kleinjogg.ch\/wordpress\/wp-content\/uploads\/2023\/06\/20230616_112923.jpg\" alt=\"\" class=\"wp-image-1911\"\/><\/figure>\n<\/figure>\n\n\n\n<figure class=\"wp-block-gallery has-nested-images columns-default is-cropped wp-block-gallery-4 is-layout-flex wp-block-gallery-is-layout-flex\">\n<figure class=\"wp-block-image size-large\"><img decoding=\"async\" data-id=\"1927\" src=\"https:\/\/kleinjogg.ch\/wordpress\/wp-content\/uploads\/2023\/06\/20230616_105253-1.jpg\" alt=\"\" class=\"wp-image-1927\"\/><\/figure>\n<\/figure>\n\n\n\n<figure class=\"wp-block-gallery has-nested-images columns-default is-cropped wp-block-gallery-5 is-layout-flex wp-block-gallery-is-layout-flex\">\n<figure class=\"wp-block-image size-large\"><img decoding=\"async\" data-id=\"1942\" src=\"https:\/\/kleinjogg.ch\/wordpress\/wp-content\/uploads\/2023\/06\/20230616_142802-Kopie.jpg\" alt=\"\" class=\"wp-image-1942\"\/><\/figure>\n<\/figure>\n\n\n\n<div class=\"wp-block-group is-vertical is-layout-flex wp-container-core-group-is-layout-8cf370e7 wp-block-group-is-layout-flex\">\n<figure class=\"wp-block-image size-full\"><img decoding=\"async\" src=\"https:\/\/kleinjogg.ch\/wordpress\/wp-content\/uploads\/2023\/06\/20230616_141705-Kopie.jpg\" alt=\"\" class=\"wp-image-1941\"\/><figcaption class=\"wp-element-caption\">Besichtigung der technischen Analgen, die in diesem Geb\u00e4ude das Gem\u00fcse-Saatgut aufreinigen.<\/figcaption><\/figure>\n<\/div>\n\n\n\n<figure class=\"wp-block-gallery has-nested-images columns-default is-cropped wp-block-gallery-6 is-layout-flex wp-block-gallery-is-layout-flex\">\n<figure class=\"wp-block-image size-large\"><img decoding=\"async\" data-id=\"1944\" src=\"https:\/\/kleinjogg.ch\/wordpress\/wp-content\/uploads\/2023\/06\/20230616_143737-Kopie.jpg\" alt=\"\" class=\"wp-image-1944\"\/><figcaption class=\"wp-element-caption\">Zugang zur unterirdischen Lift-Regal-Saatgut-Lagerung<\/figcaption><\/figure>\n\n\n\n<figure class=\"wp-block-image size-large\"><img decoding=\"async\" data-id=\"1943\" src=\"https:\/\/kleinjogg.ch\/wordpress\/wp-content\/uploads\/2023\/06\/20230616_143521-Kopie.jpg\" alt=\"\" class=\"wp-image-1943\"\/><\/figure>\n<\/figure>\n\n\n\n<figure class=\"wp-block-gallery has-nested-images columns-default is-cropped wp-block-gallery-7 is-layout-flex wp-block-gallery-is-layout-flex\">\n<figure class=\"wp-block-image size-full\"><img decoding=\"async\" data-id=\"1949\" src=\"https:\/\/kleinjogg.ch\/wordpress\/wp-content\/uploads\/2023\/06\/20230616_160244-Kopie.jpg\" alt=\"\" class=\"wp-image-1949\"\/><\/figure>\n<\/figure>\n\n\n\n<figure class=\"wp-block-gallery has-nested-images columns-default is-cropped wp-block-gallery-8 is-layout-flex wp-block-gallery-is-layout-flex\">\n<figure class=\"wp-block-image size-large\"><img decoding=\"async\" data-id=\"1946\" src=\"https:\/\/kleinjogg.ch\/wordpress\/wp-content\/uploads\/2023\/06\/20230616_153745-Kopie.jpg\" alt=\"\" class=\"wp-image-1946\"\/><figcaption class=\"wp-element-caption\">bl\u00fchende Karotten<\/figcaption><\/figure>\n\n\n\n<figure class=\"wp-block-image size-full\"><img decoding=\"async\" data-id=\"1947\" src=\"https:\/\/kleinjogg.ch\/wordpress\/wp-content\/uploads\/2023\/06\/20230616_154750-Kopie.jpg\" alt=\"\" class=\"wp-image-1947\"\/><\/figure>\n<\/figure>\n\n\n\n<figure class=\"wp-block-image size-full\"><img decoding=\"async\" src=\"https:\/\/kleinjogg.ch\/wordpress\/wp-content\/uploads\/2023\/06\/20230616_160504-1.jpg\" alt=\"\" class=\"wp-image-1952\"\/><figcaption class=\"wp-element-caption\">Ein Netz sch\u00fctzt diese Tomatenbl\u00fcte vor einer Fremdbest\u00e4ubung.<\/figcaption><\/figure>\n\n\n\n<h3 class=\"wp-block-heading\">Sativa Saatgut Rheinau<\/h3>\n\n\n\n<p>Nach einem geselligen Mittagessen erhielten wir im Rahmen einer F\u00fchrung exklusive Einblicke in die Saatgutzucht und -vermehrung bei der Sativa Saatgut. Wir haben erfahren wie aufw\u00e4ndig die Pflanzenz\u00fcchtung und Saatgutvermehrung ist, welch unterschiedliche Eigenschaften das Saatgut hat, und wie dieses entsprechend vermehrt, geerntet, gereinigt, gelagert und getestet wird. Wir staunten nicht schlecht, als wir sahen, wie Karotten im Bl\u00fchstadium aussehen, oder dass stossende Salate kurz vor der Bl\u00fcte wie kleine Palmen aussehen. Vielen Dank an die Sativa f\u00fcr die interessanten und informativen Blicke hinter ihre Kulissen!<\/p>\n\n\n\n<h3 class=\"wp-block-heading\">Verabschiedung von Toni Bl\u00fcmli aus dem Vorstand<\/h3>\n\n\n\n<p>Mit vielen bunten Seifenblasen haben wir Toni Bl\u00fcmli aus dem Vorstand verabschiedet. Toni hat in unserem Verein f\u00fcr das Kulturelle gesorgt und der Ausflug in die Rheinau war einmal mehr eine sehr gelungene Idee seinerseits. Vielen Dank Toni f\u00fcr Deine aktive Mithilfe! Wir hoffen und freuen uns, Dich weiterhin im Verein willkommen heissen zu d\u00fcrfen.<\/p>\n\n\n\n<figure class=\"wp-block-image size-full\"><img decoding=\"async\" src=\"https:\/\/kleinjogg.ch\/wordpress\/wp-content\/uploads\/2023\/06\/20230616_161130.jpg\" alt=\"\" class=\"wp-image-1960\"\/><\/figure>\n","protected":false},"excerpt":{"rendered":"<p>Klostergarten Rheinau Im Kanton Z\u00fcrich gibt es viele sehenswerte Orte in grossartigen Landschaften, in denen es viel Geschichte und Kultur zu bestaunen gibt. Wir Z\u00fcrcher Oberl\u00e4nder sind ins Unterland an den Rhein auf die Insel Rheinau gereist. Dieses Rheinau ist ein Juwel an Architektur, G\u00e4rten und Pl\u00e4tzen. Zu bestaunen gibt es eine der sch\u00f6nsten Barock [&hellip;]<\/p>\n","protected":false},"author":1,"featured_media":0,"parent":1899,"menu_order":2,"comment_status":"closed","ping_status":"closed","template":"","meta":{"footnotes":""},"class_list":["post-1967","page","type-page","status-publish","hentry","post-preview"],"_links":{"self":[{"href":"https:\/\/kleinjogg.ch\/wordpress\/wp-json\/wp\/v2\/pages\/1967","targetHints":{"allow":["GET"]}}],"collection":[{"href":"https:\/\/kleinjogg.ch\/wordpress\/wp-json\/wp\/v2\/pages"}],"about":[{"href":"https:\/\/kleinjogg.ch\/wordpress\/wp-json\/wp\/v2\/types\/page"}],"author":[{"embeddable":true,"href":"https:\/\/kleinjogg.ch\/wordpress\/wp-json\/wp\/v2\/users\/1"}],"replies":[{"embeddable":true,"href":"https:\/\/kleinjogg.ch\/wordpress\/wp-json\/wp\/v2\/comments?post=1967"}],"version-history":[{"count":6,"href":"https:\/\/kleinjogg.ch\/wordpress\/wp-json\/wp\/v2\/pages\/1967\/revisions"}],"predecessor-version":[{"id":1980,"href":"https:\/\/kleinjogg.ch\/wordpress\/wp-json\/wp\/v2\/pages\/1967\/revisions\/1980"}],"up":[{"embeddable":true,"href":"https:\/\/kleinjogg.ch\/wordpress\/wp-json\/wp\/v2\/pages\/1899"}],"wp:attachment":[{"href":"https:\/\/kleinjogg.ch\/wordpress\/wp-json\/wp\/v2\/media?parent=1967"}],"curies":[{"name":"wp","href":"https:\/\/api.w.org\/{rel}","templated":true}]}}