{"id":2063,"date":"2024-06-07T11:08:20","date_gmt":"2024-06-07T09:08:20","guid":{"rendered":"https:\/\/kleinjogg.ch\/wordpress\/?page_id=2063"},"modified":"2024-06-25T13:12:07","modified_gmt":"2024-06-25T11:12:07","slug":"dd","status":"publish","type":"page","link":"https:\/\/kleinjogg.ch\/wordpress\/kleinjogg-kulturverein\/veranstaltungen-2024\/dd\/","title":{"rendered":"Rundgang durch Freudwiler G\u00e4rten \u2013 Wissen und Tipps zur Biodiversit\u00e4t"},"content":{"rendered":"\n<figure class=\"wp-block-image size-large\"><img loading=\"lazy\" decoding=\"async\" width=\"1024\" height=\"768\" src=\"https:\/\/kleinjogg.ch\/wordpress\/wp-content\/uploads\/2024\/06\/IMG_20240526_115503_low-1024x768.jpg\" alt=\"\" class=\"wp-image-2101\" srcset=\"https:\/\/kleinjogg.ch\/wordpress\/wp-content\/uploads\/2024\/06\/IMG_20240526_115503_low-1024x768.jpg 1024w, https:\/\/kleinjogg.ch\/wordpress\/wp-content\/uploads\/2024\/06\/IMG_20240526_115503_low-300x225.jpg 300w, https:\/\/kleinjogg.ch\/wordpress\/wp-content\/uploads\/2024\/06\/IMG_20240526_115503_low.jpg 1632w\" sizes=\"auto, (max-width: 1024px) 100vw, 1024px\" \/><\/figure>\n\n\n\n<figure class=\"wp-block-gallery has-nested-images columns-default is-cropped wp-block-gallery-1 is-layout-flex wp-block-gallery-is-layout-flex\">\n<figure class=\"wp-block-image size-large\"><img loading=\"lazy\" decoding=\"async\" width=\"1024\" height=\"681\" data-id=\"2086\" src=\"https:\/\/kleinjogg.ch\/wordpress\/wp-content\/uploads\/2024\/06\/DSC01215_low-1-1024x681.jpg\" alt=\"\" class=\"wp-image-2086\" srcset=\"https:\/\/kleinjogg.ch\/wordpress\/wp-content\/uploads\/2024\/06\/DSC01215_low-1-1024x681.jpg 1024w, https:\/\/kleinjogg.ch\/wordpress\/wp-content\/uploads\/2024\/06\/DSC01215_low-1-300x200.jpg 300w, https:\/\/kleinjogg.ch\/wordpress\/wp-content\/uploads\/2024\/06\/DSC01215_low-1-768x511.jpg 768w, https:\/\/kleinjogg.ch\/wordpress\/wp-content\/uploads\/2024\/06\/DSC01215_low-1-1536x1022.jpg 1536w, https:\/\/kleinjogg.ch\/wordpress\/wp-content\/uploads\/2024\/06\/DSC01215_low-1-676x450.jpg 676w, https:\/\/kleinjogg.ch\/wordpress\/wp-content\/uploads\/2024\/06\/DSC01215_low-1.jpg 1733w\" sizes=\"auto, (max-width: 1024px) 100vw, 1024px\" \/><\/figure>\n\n\n\n<figure class=\"wp-block-image size-full\"><img loading=\"lazy\" decoding=\"async\" width=\"717\" height=\"348\" data-id=\"2102\" src=\"https:\/\/kleinjogg.ch\/wordpress\/wp-content\/uploads\/2024\/06\/20240526_102056_low.jpg\" alt=\"\" class=\"wp-image-2102\" srcset=\"https:\/\/kleinjogg.ch\/wordpress\/wp-content\/uploads\/2024\/06\/20240526_102056_low.jpg 717w, https:\/\/kleinjogg.ch\/wordpress\/wp-content\/uploads\/2024\/06\/20240526_102056_low-300x146.jpg 300w, https:\/\/kleinjogg.ch\/wordpress\/wp-content\/uploads\/2024\/06\/20240526_102056_low-676x328.jpg 676w\" sizes=\"auto, (max-width: 717px) 100vw, 717px\" \/><\/figure>\n\n\n\n<figure class=\"wp-block-image size-full\"><img loading=\"lazy\" decoding=\"async\" width=\"424\" height=\"293\" data-id=\"2104\" src=\"https:\/\/kleinjogg.ch\/wordpress\/wp-content\/uploads\/2024\/06\/IMG_20240526_113712_low-2.jpg\" alt=\"\" class=\"wp-image-2104\" srcset=\"https:\/\/kleinjogg.ch\/wordpress\/wp-content\/uploads\/2024\/06\/IMG_20240526_113712_low-2.jpg 424w, https:\/\/kleinjogg.ch\/wordpress\/wp-content\/uploads\/2024\/06\/IMG_20240526_113712_low-2-300x207.jpg 300w\" sizes=\"auto, (max-width: 424px) 100vw, 424px\" \/><\/figure>\n<\/figure>\n\n\n\n<figure class=\"wp-block-gallery has-nested-images columns-default is-cropped wp-block-gallery-2 is-layout-flex wp-block-gallery-is-layout-flex\">\n<figure class=\"wp-block-image size-large\"><img loading=\"lazy\" decoding=\"async\" width=\"717\" height=\"348\" data-id=\"2096\" src=\"https:\/\/kleinjogg.ch\/wordpress\/wp-content\/uploads\/2024\/06\/20240526_101306_low.jpg\" alt=\"\" class=\"wp-image-2096\" srcset=\"https:\/\/kleinjogg.ch\/wordpress\/wp-content\/uploads\/2024\/06\/20240526_101306_low.jpg 717w, https:\/\/kleinjogg.ch\/wordpress\/wp-content\/uploads\/2024\/06\/20240526_101306_low-300x146.jpg 300w, https:\/\/kleinjogg.ch\/wordpress\/wp-content\/uploads\/2024\/06\/20240526_101306_low-676x328.jpg 676w\" sizes=\"auto, (max-width: 717px) 100vw, 717px\" \/><\/figure>\n\n\n\n<figure class=\"wp-block-image size-large\"><img loading=\"lazy\" decoding=\"async\" width=\"717\" height=\"348\" data-id=\"2098\" src=\"https:\/\/kleinjogg.ch\/wordpress\/wp-content\/uploads\/2024\/06\/20240526_130217_low.jpg\" alt=\"\" class=\"wp-image-2098\" srcset=\"https:\/\/kleinjogg.ch\/wordpress\/wp-content\/uploads\/2024\/06\/20240526_130217_low.jpg 717w, https:\/\/kleinjogg.ch\/wordpress\/wp-content\/uploads\/2024\/06\/20240526_130217_low-300x146.jpg 300w, https:\/\/kleinjogg.ch\/wordpress\/wp-content\/uploads\/2024\/06\/20240526_130217_low-676x328.jpg 676w\" sizes=\"auto, (max-width: 717px) 100vw, 717px\" \/><\/figure>\n\n\n\n<figure class=\"wp-block-image size-large\"><img loading=\"lazy\" decoding=\"async\" width=\"717\" height=\"348\" data-id=\"2097\" src=\"https:\/\/kleinjogg.ch\/wordpress\/wp-content\/uploads\/2024\/06\/20240526_113353_low.jpg\" alt=\"\" class=\"wp-image-2097\" srcset=\"https:\/\/kleinjogg.ch\/wordpress\/wp-content\/uploads\/2024\/06\/20240526_113353_low.jpg 717w, https:\/\/kleinjogg.ch\/wordpress\/wp-content\/uploads\/2024\/06\/20240526_113353_low-300x146.jpg 300w, https:\/\/kleinjogg.ch\/wordpress\/wp-content\/uploads\/2024\/06\/20240526_113353_low-676x328.jpg 676w\" sizes=\"auto, (max-width: 717px) 100vw, 717px\" \/><\/figure>\n\n\n\n<figure class=\"wp-block-image size-large\"><img loading=\"lazy\" decoding=\"async\" width=\"612\" height=\"407\" data-id=\"2092\" src=\"https:\/\/kleinjogg.ch\/wordpress\/wp-content\/uploads\/2024\/06\/DSC01241_low-1.jpg\" alt=\"\" class=\"wp-image-2092\" srcset=\"https:\/\/kleinjogg.ch\/wordpress\/wp-content\/uploads\/2024\/06\/DSC01241_low-1.jpg 612w, https:\/\/kleinjogg.ch\/wordpress\/wp-content\/uploads\/2024\/06\/DSC01241_low-1-300x200.jpg 300w\" sizes=\"auto, (max-width: 612px) 100vw, 612px\" \/><\/figure>\n\n\n\n<figure class=\"wp-block-image size-large\"><img loading=\"lazy\" decoding=\"async\" width=\"1024\" height=\"768\" data-id=\"2093\" src=\"https:\/\/kleinjogg.ch\/wordpress\/wp-content\/uploads\/2024\/06\/IMG_20240526_113129_low-1-1024x768.jpg\" alt=\"\" class=\"wp-image-2093\" srcset=\"https:\/\/kleinjogg.ch\/wordpress\/wp-content\/uploads\/2024\/06\/IMG_20240526_113129_low-1-1024x768.jpg 1024w, https:\/\/kleinjogg.ch\/wordpress\/wp-content\/uploads\/2024\/06\/IMG_20240526_113129_low-1-300x225.jpg 300w, https:\/\/kleinjogg.ch\/wordpress\/wp-content\/uploads\/2024\/06\/IMG_20240526_113129_low-1-768x576.jpg 768w, https:\/\/kleinjogg.ch\/wordpress\/wp-content\/uploads\/2024\/06\/IMG_20240526_113129_low-1.jpg 1632w\" sizes=\"auto, (max-width: 1024px) 100vw, 1024px\" \/><\/figure>\n<\/figure>\n\n\n\n<p>Philipp Jucker (Leiter Natur, Land- und Forstwirtschaft bei Stadt Uster) vermittelte uns bei einem Rundgang durch die Freudwiler G\u00e4rten Wissen und Tipps zur Biodiversit\u00e4t. Wir entdeckten gemeinsam die sch\u00f6nen<br>G\u00e4rten unseres Nachbardorfs und waren sehr erfreut \u00fcber die Vielfalt! Anschliessend genossen wir K\u00f6stlichkeiten aus der Backstube und ein Most bei der Mosterei H\u00fcrlimann.<\/p>\n\n\n\n<figure class=\"wp-block-image size-large\"><img loading=\"lazy\" decoding=\"async\" width=\"752\" height=\"1024\" src=\"https:\/\/kleinjogg.ch\/wordpress\/wp-content\/uploads\/2024\/06\/Berichterstattung-Freudwiler-Gaerten-752x1024.jpg\" alt=\"\" class=\"wp-image-2077\" srcset=\"https:\/\/kleinjogg.ch\/wordpress\/wp-content\/uploads\/2024\/06\/Berichterstattung-Freudwiler-Gaerten-752x1024.jpg 752w, https:\/\/kleinjogg.ch\/wordpress\/wp-content\/uploads\/2024\/06\/Berichterstattung-Freudwiler-Gaerten-220x300.jpg 220w, https:\/\/kleinjogg.ch\/wordpress\/wp-content\/uploads\/2024\/06\/Berichterstattung-Freudwiler-Gaerten-768x1046.jpg 768w, https:\/\/kleinjogg.ch\/wordpress\/wp-content\/uploads\/2024\/06\/Berichterstattung-Freudwiler-Gaerten-1128x1536.jpg 1128w, https:\/\/kleinjogg.ch\/wordpress\/wp-content\/uploads\/2024\/06\/Berichterstattung-Freudwiler-Gaerten-676x920.jpg 676w, https:\/\/kleinjogg.ch\/wordpress\/wp-content\/uploads\/2024\/06\/Berichterstattung-Freudwiler-Gaerten.jpg 1388w\" sizes=\"auto, (max-width: 752px) 100vw, 752px\" \/><\/figure>\n\n\n\n<p><a href=\"https:\/\/kleinjogg.ch\/wordpress\/wp-content\/uploads\/2024\/06\/Berichterstattung-Freudwiler-Gaerten.pdf\" data-type=\"link\" data-id=\"https:\/\/kleinjogg.ch\/wordpress\/wp-content\/uploads\/2024\/06\/Berichterstattung-Freudwiler-Gaerten.pdf\" target=\"_blank\" rel=\"noreferrer noopener\">Regio: Rundgang durch Freudwiler G\u00e4rten (Stefan Hartmann) 30.05.2024<\/a><\/p>\n","protected":false},"excerpt":{"rendered":"<p>Philipp Jucker (Leiter Natur, Land- und Forstwirtschaft bei Stadt Uster) vermittelte uns bei einem Rundgang durch die Freudwiler G\u00e4rten Wissen und Tipps zur Biodiversit\u00e4t. Wir entdeckten gemeinsam die sch\u00f6nenG\u00e4rten unseres Nachbardorfs und waren sehr erfreut \u00fcber die Vielfalt! Anschliessend genossen wir K\u00f6stlichkeiten aus der Backstube und ein Most bei der Mosterei H\u00fcrlimann. Regio: Rundgang durch [&hellip;]<\/p>\n","protected":false},"author":1,"featured_media":0,"parent":2016,"menu_order":1,"comment_status":"closed","ping_status":"closed","template":"","meta":{"footnotes":""},"class_list":["post-2063","page","type-page","status-publish","hentry","post-preview"],"_links":{"self":[{"href":"https:\/\/kleinjogg.ch\/wordpress\/wp-json\/wp\/v2\/pages\/2063","targetHints":{"allow":["GET"]}}],"collection":[{"href":"https:\/\/kleinjogg.ch\/wordpress\/wp-json\/wp\/v2\/pages"}],"about":[{"href":"https:\/\/kleinjogg.ch\/wordpress\/wp-json\/wp\/v2\/types\/page"}],"author":[{"embeddable":true,"href":"https:\/\/kleinjogg.ch\/wordpress\/wp-json\/wp\/v2\/users\/1"}],"replies":[{"embeddable":true,"href":"https:\/\/kleinjogg.ch\/wordpress\/wp-json\/wp\/v2\/comments?post=2063"}],"version-history":[{"count":11,"href":"https:\/\/kleinjogg.ch\/wordpress\/wp-json\/wp\/v2\/pages\/2063\/revisions"}],"predecessor-version":[{"id":2127,"href":"https:\/\/kleinjogg.ch\/wordpress\/wp-json\/wp\/v2\/pages\/2063\/revisions\/2127"}],"up":[{"embeddable":true,"href":"https:\/\/kleinjogg.ch\/wordpress\/wp-json\/wp\/v2\/pages\/2016"}],"wp:attachment":[{"href":"https:\/\/kleinjogg.ch\/wordpress\/wp-json\/wp\/v2\/media?parent=2063"}],"curies":[{"name":"wp","href":"https:\/\/api.w.org\/{rel}","templated":true}]}}