{"id":213,"date":"2016-09-13T09:03:25","date_gmt":"2016-09-13T07:03:25","guid":{"rendered":"http:\/\/kleinjogg.ch\/wordpress\/?page_id=213"},"modified":"2022-01-18T12:02:01","modified_gmt":"2022-01-18T10:02:01","slug":"gedenkschrift","status":"publish","type":"page","link":"https:\/\/kleinjogg.ch\/wordpress\/kiosk\/gedenkschrift\/","title":{"rendered":"Gedenkschrift"},"content":{"rendered":"<h2><a href=\"https:\/\/kleinjogg.ch\/wordpress\/wp-content\/uploads\/2020\/03\/Titelbild_Kleinjogg_Schrift-scaled.jpg\"><img loading=\"lazy\" decoding=\"async\" class=\"alignright size-medium wp-image-1460\" src=\"https:\/\/kleinjogg.ch\/wordpress\/wp-content\/uploads\/2020\/03\/Titelbild_Kleinjogg_Schrift-200x300.jpg\" alt=\"\" width=\"200\" height=\"300\" srcset=\"https:\/\/kleinjogg.ch\/wordpress\/wp-content\/uploads\/2020\/03\/Titelbild_Kleinjogg_Schrift-200x300.jpg 200w, https:\/\/kleinjogg.ch\/wordpress\/wp-content\/uploads\/2020\/03\/Titelbild_Kleinjogg_Schrift-683x1024.jpg 683w, https:\/\/kleinjogg.ch\/wordpress\/wp-content\/uploads\/2020\/03\/Titelbild_Kleinjogg_Schrift-768x1152.jpg 768w, https:\/\/kleinjogg.ch\/wordpress\/wp-content\/uploads\/2020\/03\/Titelbild_Kleinjogg_Schrift-1024x1536.jpg 1024w, https:\/\/kleinjogg.ch\/wordpress\/wp-content\/uploads\/2020\/03\/Titelbild_Kleinjogg_Schrift-1365x2048.jpg 1365w, https:\/\/kleinjogg.ch\/wordpress\/wp-content\/uploads\/2020\/03\/Titelbild_Kleinjogg_Schrift-676x1014.jpg 676w, https:\/\/kleinjogg.ch\/wordpress\/wp-content\/uploads\/2020\/03\/Titelbild_Kleinjogg_Schrift-scaled.jpg 1707w\" sizes=\"auto, (max-width: 200px) 100vw, 200px\" \/><\/a>2., aktualisierte Auflage der Gedenkschrift zu Kleinjogg \u2013 Wegbereiter der modernen Landwirtschaft<\/h2>\n<p>Die Gedenkschrift zum 300. Geburtstags Kleinjoggs tr\u00e4gt die wichtigsten Fakten zu seinem Leben, zu seinem sittenstrengen Charakter und zu seiner Verehrung auf neuem Forschungsstand pr\u00e4gnant zusammen. Im Zentrum steht die Darstellung seiner Neuerungen in der Landwirtschaft, die immer auch in Bezug zu aktuellen Fragen im Agrarbereich gestellt werden. Eine Reihe von sieben Portr\u00e4ts von heutigen Bauernbetrieben in Wermatswil und R\u00fcmlang erm\u00f6glichen einen guten Einblick in die Chancen und Probleme der gegenw\u00e4rtigen Landwirtschaft. Diese Schrift wurde 2016 erstellt und 2020 aktualisiert und erg\u00e4nzt. Verfasser sind Otto Schmid (Agronom \/ Dozent ETH), Prof. Dr. Daniel Wiedenkeller (Historiker, Mittelschullehrer KZO Wetzikon) und Florentina Gartmann, (Umweltingenieurin ZFH); alle in Wermatswil wohnhaft.<br \/>Die 70-seitige Gedenkschrift mit dem Titel &#8222;Kleinjogg \u2013 Wegbereiter der modernen Landwirtschaft&#8220; kann \u00fcber regionale Z\u00fcrcher Buchhandlungen (Keller in Pf\u00e4ffikon, Doppelpunkt in Uster) oder den Kleinjogg Kulturverein, Tobelstrasse 8, 8615 Wermatswil (E-Mail: <a href=\"mailto:kleinjogg@bluewin.ch\">E-Mail schreiben<\/a>) zum Preis von Fr. 15.-\u00a0 (+ Fr. 5.- Versandkosten) \u00a0bezogen werden.<\/p>\n\n\n<h2 class=\"wp-block-heading\">Sponsoren und Private Spender<\/h2>\n\n\n\n<p>Vielen Dank an alle, welche die 2., aktualisierte Auflage der Schrift erm\u00f6glicht haben.<\/p>\n\n\n\n<figure class=\"wp-block-image size-large\"><img loading=\"lazy\" decoding=\"async\" width=\"683\" height=\"1024\" src=\"https:\/\/kleinjogg.ch\/wordpress\/wp-content\/uploads\/2020\/03\/Sponsoren_Auflage2-683x1024.jpg\" alt=\"\" class=\"wp-image-1490\" srcset=\"https:\/\/kleinjogg.ch\/wordpress\/wp-content\/uploads\/2020\/03\/Sponsoren_Auflage2-683x1024.jpg 683w, https:\/\/kleinjogg.ch\/wordpress\/wp-content\/uploads\/2020\/03\/Sponsoren_Auflage2-200x300.jpg 200w, https:\/\/kleinjogg.ch\/wordpress\/wp-content\/uploads\/2020\/03\/Sponsoren_Auflage2-768x1152.jpg 768w, https:\/\/kleinjogg.ch\/wordpress\/wp-content\/uploads\/2020\/03\/Sponsoren_Auflage2-1024x1536.jpg 1024w, https:\/\/kleinjogg.ch\/wordpress\/wp-content\/uploads\/2020\/03\/Sponsoren_Auflage2-1365x2048.jpg 1365w, https:\/\/kleinjogg.ch\/wordpress\/wp-content\/uploads\/2020\/03\/Sponsoren_Auflage2-676x1014.jpg 676w, https:\/\/kleinjogg.ch\/wordpress\/wp-content\/uploads\/2020\/03\/Sponsoren_Auflage2-scaled.jpg 1707w\" sizes=\"auto, (max-width: 683px) 100vw, 683px\" \/><\/figure>\n","protected":false},"excerpt":{"rendered":"<p>2., aktualisierte Auflage der Gedenkschrift zu Kleinjogg \u2013 Wegbereiter der modernen Landwirtschaft Die Gedenkschrift zum 300. Geburtstags Kleinjoggs tr\u00e4gt die wichtigsten Fakten zu seinem Leben, zu seinem sittenstrengen Charakter und zu seiner Verehrung auf neuem Forschungsstand pr\u00e4gnant zusammen. Im Zentrum steht die Darstellung seiner Neuerungen in der Landwirtschaft, die immer auch in Bezug zu aktuellen [&hellip;]<\/p>\n","protected":false},"author":1,"featured_media":0,"parent":500,"menu_order":0,"comment_status":"closed","ping_status":"closed","template":"template-nosidebar.php","meta":{"footnotes":""},"class_list":["post-213","page","type-page","status-publish","hentry","post-preview"],"_links":{"self":[{"href":"https:\/\/kleinjogg.ch\/wordpress\/wp-json\/wp\/v2\/pages\/213","targetHints":{"allow":["GET"]}}],"collection":[{"href":"https:\/\/kleinjogg.ch\/wordpress\/wp-json\/wp\/v2\/pages"}],"about":[{"href":"https:\/\/kleinjogg.ch\/wordpress\/wp-json\/wp\/v2\/types\/page"}],"author":[{"embeddable":true,"href":"https:\/\/kleinjogg.ch\/wordpress\/wp-json\/wp\/v2\/users\/1"}],"replies":[{"embeddable":true,"href":"https:\/\/kleinjogg.ch\/wordpress\/wp-json\/wp\/v2\/comments?post=213"}],"version-history":[{"count":15,"href":"https:\/\/kleinjogg.ch\/wordpress\/wp-json\/wp\/v2\/pages\/213\/revisions"}],"predecessor-version":[{"id":1753,"href":"https:\/\/kleinjogg.ch\/wordpress\/wp-json\/wp\/v2\/pages\/213\/revisions\/1753"}],"up":[{"embeddable":true,"href":"https:\/\/kleinjogg.ch\/wordpress\/wp-json\/wp\/v2\/pages\/500"}],"wp:attachment":[{"href":"https:\/\/kleinjogg.ch\/wordpress\/wp-json\/wp\/v2\/media?parent=213"}],"curies":[{"name":"wp","href":"https:\/\/api.w.org\/{rel}","templated":true}]}}