{"id":232,"date":"2016-09-29T16:08:41","date_gmt":"2016-09-29T14:08:41","guid":{"rendered":"http:\/\/kleinjogg.ch\/wordpress\/?page_id=232"},"modified":"2017-03-01T12:46:07","modified_gmt":"2017-03-01T10:46:07","slug":"kleinjogg-quiz","status":"publish","type":"page","link":"https:\/\/kleinjogg.ch\/wordpress\/das-fest\/kleinjogg-quiz\/","title":{"rendered":"Kleinjogg-Quiz"},"content":{"rendered":"<h2>Rangliste Kleinjogg \u2013 Quiz<\/h2>\n<div id=\"attachment_237\" style=\"width: 310px\" class=\"wp-caption alignright\"><a href=\"https:\/\/kleinjogg.ch\/wordpress\/wp-content\/uploads\/2016\/09\/Kleinjogg_gewinnerin.jpg\"><img loading=\"lazy\" decoding=\"async\" aria-describedby=\"caption-attachment-237\" class=\"wp-image-237 size-medium\" src=\"https:\/\/kleinjogg.ch\/wordpress\/wp-content\/uploads\/2016\/09\/Kleinjogg_gewinnerin-300x300.jpg\" alt=\"Die Gewinnerin des 1. Preises, Louise H\u00e4nni von Freudwil, bei der Preis\u00fcbergabe mit Suzanne Gartmann, Initiantin des Kleinjogg-Festes und Otto Schmid, Pr\u00e4sident Kleinjogg Kulturverein\" width=\"300\" height=\"300\" srcset=\"https:\/\/kleinjogg.ch\/wordpress\/wp-content\/uploads\/2016\/09\/Kleinjogg_gewinnerin-300x300.jpg 300w, https:\/\/kleinjogg.ch\/wordpress\/wp-content\/uploads\/2016\/09\/Kleinjogg_gewinnerin-150x150.jpg 150w, https:\/\/kleinjogg.ch\/wordpress\/wp-content\/uploads\/2016\/09\/Kleinjogg_gewinnerin-768x768.jpg 768w, https:\/\/kleinjogg.ch\/wordpress\/wp-content\/uploads\/2016\/09\/Kleinjogg_gewinnerin-1024x1024.jpg 1024w, https:\/\/kleinjogg.ch\/wordpress\/wp-content\/uploads\/2016\/09\/Kleinjogg_gewinnerin-676x676.jpg 676w, https:\/\/kleinjogg.ch\/wordpress\/wp-content\/uploads\/2016\/09\/Kleinjogg_gewinnerin.jpg 1473w\" sizes=\"auto, (max-width: 300px) 100vw, 300px\" \/><\/a><p id=\"caption-attachment-237\" class=\"wp-caption-text\">Die Gewinnerin des 1. Preises, Louise H\u00e4nni von Freudwil, bei der Preis\u00fcbergabe mit Suzanne Gartmann, Initiantin des Kleinjogg-Festes und Otto Schmid, Pr\u00e4sident Kleinjogg Kulturverein<\/p><\/div>\n<p>Gegen 50 Personen haben sich am Kleinjogg-Quiz beteiligt und die Fragen beantwortet, welche in der Kleinjogg-Gedenkschrift zu finden waren. Bei der Sch\u00e4tzfrage zu Kleinjoggs Gr\u00f6sse war 162-164 cm richtig. So hat es der verstorbene Kleinjogg Verehrer Alfons Roth aus S\u00fcddeutschland aufgrund von Kleinjoggs Original-Kleidern berechnet.<\/p>\n<p>Eine Jury hat die Fragen ausgewertet. Hier ist die Rangliste und die gesponserten Preise:<\/p>\n<div class=\"wpsm_comptable_shortcode_echo\">\n<div class=\"wpsm_comptable_shortcode_echo\">[wpsm_comparison_table id=&#8220;4&#8243; class=&#8220;center-table-align&#8220;]<\/div>\n<\/div>\n<p>26.September 2016<br \/>\nSuzanne Gartmann<\/p>\n","protected":false},"excerpt":{"rendered":"<p>Rangliste Kleinjogg \u2013 Quiz Gegen 50 Personen haben sich am Kleinjogg-Quiz beteiligt und die Fragen beantwortet, welche in der Kleinjogg-Gedenkschrift zu finden waren. Bei der Sch\u00e4tzfrage zu Kleinjoggs Gr\u00f6sse war 162-164 cm richtig. So hat es der verstorbene Kleinjogg Verehrer Alfons Roth aus S\u00fcddeutschland aufgrund von Kleinjoggs Original-Kleidern berechnet. Eine Jury hat die Fragen ausgewertet. [&hellip;]<\/p>\n","protected":false},"author":1,"featured_media":0,"parent":35,"menu_order":3,"comment_status":"closed","ping_status":"closed","template":"template-fullwidth.php","meta":{"footnotes":""},"class_list":["post-232","page","type-page","status-publish","hentry","post-preview"],"_links":{"self":[{"href":"https:\/\/kleinjogg.ch\/wordpress\/wp-json\/wp\/v2\/pages\/232","targetHints":{"allow":["GET"]}}],"collection":[{"href":"https:\/\/kleinjogg.ch\/wordpress\/wp-json\/wp\/v2\/pages"}],"about":[{"href":"https:\/\/kleinjogg.ch\/wordpress\/wp-json\/wp\/v2\/types\/page"}],"author":[{"embeddable":true,"href":"https:\/\/kleinjogg.ch\/wordpress\/wp-json\/wp\/v2\/users\/1"}],"replies":[{"embeddable":true,"href":"https:\/\/kleinjogg.ch\/wordpress\/wp-json\/wp\/v2\/comments?post=232"}],"version-history":[{"count":12,"href":"https:\/\/kleinjogg.ch\/wordpress\/wp-json\/wp\/v2\/pages\/232\/revisions"}],"predecessor-version":[{"id":245,"href":"https:\/\/kleinjogg.ch\/wordpress\/wp-json\/wp\/v2\/pages\/232\/revisions\/245"}],"up":[{"embeddable":true,"href":"https:\/\/kleinjogg.ch\/wordpress\/wp-json\/wp\/v2\/pages\/35"}],"wp:attachment":[{"href":"https:\/\/kleinjogg.ch\/wordpress\/wp-json\/wp\/v2\/media?parent=232"}],"curies":[{"name":"wp","href":"https:\/\/api.w.org\/{rel}","templated":true}]}}