{"id":2408,"date":"2025-10-28T22:52:07","date_gmt":"2025-10-28T20:52:07","guid":{"rendered":"https:\/\/kleinjogg.ch\/wordpress\/?page_id=2408"},"modified":"2026-01-11T15:30:59","modified_gmt":"2026-01-11T13:30:59","slug":"sonntag-matine","status":"publish","type":"page","link":"https:\/\/kleinjogg.ch\/wordpress\/kleinjogg-kulturverein\/veranstaltungen-2025\/sonntag-matine\/","title":{"rendered":"Sonntag-Matinee \u00abLandwirtschaft in Wermatswil \u2013 von Kleinjogg bis heute\u00bb"},"content":{"rendered":"\n<p><strong>Am Sonntag den 26. Oktober 2025 fand im Gemeinschaftsraum in Wermatswil eine sehr gut besuchte Matinee zum Thema Landwirtschaft statt.<\/strong> <strong>Referate hielten Daniel Wiedenkeller, Historiker, Otto Schmid, Agronom, von Wermatswil sowie zwei junge Landwirte und eine Betriebsleiterin. Die Veranstaltung war mit 90 Zuh\u00f6rerInnen ein grosser Erfolg.<\/strong><\/p>\n\n\n\n<p>Ziel der Matinee war es, ein Bogen zu schlagen vom Leben des Musterbauern Kleinjogg und seinen Reformen zur Landwirtschaft heute.<\/p>\n\n\n\n<p>Der Historiker Daniel Wiedenkeller erz\u00e4hlte von der Pers\u00f6nlichkeit Kleinjogg. Otto Schmid berichtete von Kleinjogg\u2019s landwirtschaftlichen Reformen (Kleegras-Anbau, verbesserte Stallf\u00fctterung, Mistpflege\/Kompostierung, u.a.) mit Bezug zu heute.<\/p>\n\n\n\n<p>H\u00f6hepunkt waren die Betriebs-Vorstellungen von:<\/p>\n\n\n\n<ul class=\"wp-block-list\">\n<li>Fabian Zwald, Landwirt, \u00fcber den elterlicher Hof an der Chammerholzstrasse 15 in Wermatswil (vielf\u00e4ltiger Ackerbau, H\u00fchnerhaltung und Hofladen)<\/li>\n\n\n\n<li>Marcel M\u00fcller, Meisterlandwirt, Bauernhof in Freudwil (Milchviehhaltung, Grossviehmast und regenerativer Ackerbau)<\/li>\n\n\n\n<li>Estelle Wettstein, Betriebsleiterin Fohlenhof in Wermatswil (Sport- und Pensionspferde, Dressur- und Springreiterin)<\/li>\n<\/ul>\n\n\n\n<p>Die drei jungen Referenten* erz\u00e4hlten sehr anschaulich und begeisternd, wie sie die H\u00f6fe ihrer Eltern weiterentwickeln wollen, wo sie Schwerpunkte setzen und wie sie Herausforderungen der Zukunft bew\u00e4ltigen.<\/p>\n\n\n\n<p>Anschliessend fand eine interessante Diskussion mit dem Publikum statt.<\/p>\n\n\n\n<p>Mit der Veranstaltung wurde gezeigt, welche vielf\u00e4ltigen Leistungen die Bauernfamilien heute erbringen. Neben Lebensmittelproduktion sind dies auch Wald- und Landschafts-Pflege, Biodiversit\u00e4tsf\u00f6rderung, kommunale Arbeiten (Schneer\u00e4umung) und Freizeitangebote f\u00fcr die Bev\u00f6lkerung.<\/p>\n\n\n\n<p><em>* Von Urs Jenni, Multimedia, Uster wurden diese drei Vortr\u00e4ge gefilmt.<\/em><\/p>\n\n\n\n<figure class=\"wp-block-image size-full\"><img loading=\"lazy\" decoding=\"async\" width=\"2560\" height=\"1282\" src=\"https:\/\/kleinjogg.ch\/wordpress\/wp-content\/uploads\/2025\/10\/20251026_100323-scaled.jpg\" alt=\"\" class=\"wp-image-2426\" srcset=\"https:\/\/kleinjogg.ch\/wordpress\/wp-content\/uploads\/2025\/10\/20251026_100323-scaled.jpg 2560w, https:\/\/kleinjogg.ch\/wordpress\/wp-content\/uploads\/2025\/10\/20251026_100323-300x150.jpg 300w\" sizes=\"auto, (max-width: 2560px) 100vw, 2560px\" \/><\/figure>\n\n\n\n<figure class=\"wp-block-image size-large\"><img loading=\"lazy\" decoding=\"async\" width=\"1024\" height=\"764\" src=\"https:\/\/kleinjogg.ch\/wordpress\/wp-content\/uploads\/2025\/10\/20251026_225501-1024x764.jpg\" alt=\"\" class=\"wp-image-2418\" srcset=\"https:\/\/kleinjogg.ch\/wordpress\/wp-content\/uploads\/2025\/10\/20251026_225501-1024x764.jpg 1024w, https:\/\/kleinjogg.ch\/wordpress\/wp-content\/uploads\/2025\/10\/20251026_225501-300x224.jpg 300w, https:\/\/kleinjogg.ch\/wordpress\/wp-content\/uploads\/2025\/10\/20251026_225501-768x573.jpg 768w, https:\/\/kleinjogg.ch\/wordpress\/wp-content\/uploads\/2025\/10\/20251026_225501-1536x1147.jpg 1536w, https:\/\/kleinjogg.ch\/wordpress\/wp-content\/uploads\/2025\/10\/20251026_225501-676x505.jpg 676w, https:\/\/kleinjogg.ch\/wordpress\/wp-content\/uploads\/2025\/10\/20251026_225501.jpg 1960w\" sizes=\"auto, (max-width: 1024px) 100vw, 1024px\" \/><\/figure>\n\n\n\n<figure class=\"wp-block-image size-large\"><img decoding=\"async\" src=\"https:\/\/kleinjogg.ch\/wordpress\/wp-content\/uploads\/2026\/01\/20251029_181228-edited-2.jpg\" alt=\"\" class=\"wp-image-2512\"\/><\/figure>\n\n\n\n<figure class=\"wp-block-image size-full\"><img decoding=\"async\" src=\"https:\/\/kleinjogg.ch\/wordpress\/wp-content\/uploads\/2025\/10\/IMG_20251026_115549952_HDR.jpg\" alt=\"\" class=\"wp-image-2442\"\/><\/figure>\n\n\n\n<figure class=\"wp-block-embed is-type-video is-provider-youtube wp-block-embed-youtube wp-embed-aspect-16-9 wp-has-aspect-ratio\"><div class=\"wp-block-embed__wrapper\">\n<iframe loading=\"lazy\" title=\"Landwirtschaft in Wermatswil \u2013 von Kleinjogg bis heute Vortrag Fabian Zwald\" width=\"676\" height=\"380\" src=\"https:\/\/www.youtube.com\/embed\/79WaBpfFCwE?feature=oembed\" frameborder=\"0\" allow=\"accelerometer; autoplay; clipboard-write; encrypted-media; gyroscope; picture-in-picture; web-share\" referrerpolicy=\"strict-origin-when-cross-origin\" allowfullscreen><\/iframe>\n<\/div><figcaption class=\"wp-element-caption\"><strong>Fabian Zwald<\/strong><br>Landwirt, \u00fcber den elterlicher Hof an der Chammerholzstrasse 15 in Wermatswil<br>(vielf\u00e4ltiger Ackerbau, H\u00fchnerhaltung und Hofladen)<\/figcaption><\/figure>\n\n\n\n<figure class=\"wp-block-embed is-type-video is-provider-youtube wp-block-embed-youtube wp-embed-aspect-16-9 wp-has-aspect-ratio\"><div class=\"wp-block-embed__wrapper\">\n<iframe loading=\"lazy\" title=\"Landwirtschaft in Wermatswil \u2013 von Kleinjogg bis heute Vortrag Marcel M\u00fcller\" width=\"676\" height=\"380\" src=\"https:\/\/www.youtube.com\/embed\/YhJfT7_80wM?feature=oembed\" frameborder=\"0\" allow=\"accelerometer; autoplay; clipboard-write; encrypted-media; gyroscope; picture-in-picture; web-share\" referrerpolicy=\"strict-origin-when-cross-origin\" allowfullscreen><\/iframe>\n<\/div><figcaption class=\"wp-element-caption\"><strong>Marcel M\u00fcller<\/strong><br>Meisterlandwirt, Bauernhof in Freudwil<br>(Milchviehhaltung, Grossviehmast und regenerativer Ackerbau)<\/figcaption><\/figure>\n\n\n\n<figure class=\"wp-block-embed is-type-video is-provider-youtube wp-block-embed-youtube wp-embed-aspect-16-9 wp-has-aspect-ratio\"><div class=\"wp-block-embed__wrapper\">\n<iframe loading=\"lazy\" title=\"Landwirtschaft in Wermatswil \u2013 von Kleinjogg bis heute Vortrag Estelle Wettstein\" width=\"676\" height=\"380\" src=\"https:\/\/www.youtube.com\/embed\/4NgaJxZK8JA?feature=oembed\" frameborder=\"0\" allow=\"accelerometer; autoplay; clipboard-write; encrypted-media; gyroscope; picture-in-picture; web-share\" referrerpolicy=\"strict-origin-when-cross-origin\" allowfullscreen><\/iframe>\n<\/div><figcaption class=\"wp-element-caption\"><strong>Estelle Wettstein<\/strong><br>Betriebsleiterin Fohlenhof in Wermatswil<br>(Sport- und Pensionspferde, Dressur- und Springreiterin)<\/figcaption><\/figure>\n\n\n\n<figure class=\"wp-block-image size-full\"><img loading=\"lazy\" decoding=\"async\" width=\"1244\" height=\"2560\" src=\"https:\/\/kleinjogg.ch\/wordpress\/wp-content\/uploads\/2025\/10\/20251026_093118-scaled.jpg\" alt=\"\" class=\"wp-image-2416\" srcset=\"https:\/\/kleinjogg.ch\/wordpress\/wp-content\/uploads\/2025\/10\/20251026_093118-scaled.jpg 1244w, https:\/\/kleinjogg.ch\/wordpress\/wp-content\/uploads\/2025\/10\/20251026_093118-146x300.jpg 146w\" sizes=\"auto, (max-width: 1244px) 100vw, 1244px\" \/><\/figure>\n\n\n\n<figure class=\"wp-block-image size-large\"><img loading=\"lazy\" decoding=\"async\" width=\"1024\" height=\"724\" src=\"https:\/\/kleinjogg.ch\/wordpress\/wp-content\/uploads\/2025\/09\/20250922_Kleinjogg_Flyer_Matine-1024x724.jpg\" alt=\"\" class=\"wp-image-2404\" srcset=\"https:\/\/kleinjogg.ch\/wordpress\/wp-content\/uploads\/2025\/09\/20250922_Kleinjogg_Flyer_Matine-1024x724.jpg 1024w, https:\/\/kleinjogg.ch\/wordpress\/wp-content\/uploads\/2025\/09\/20250922_Kleinjogg_Flyer_Matine-300x212.jpg 300w, https:\/\/kleinjogg.ch\/wordpress\/wp-content\/uploads\/2025\/09\/20250922_Kleinjogg_Flyer_Matine-768x543.jpg 768w, https:\/\/kleinjogg.ch\/wordpress\/wp-content\/uploads\/2025\/09\/20250922_Kleinjogg_Flyer_Matine-1536x1086.jpg 1536w, https:\/\/kleinjogg.ch\/wordpress\/wp-content\/uploads\/2025\/09\/20250922_Kleinjogg_Flyer_Matine-2048x1448.jpg 2048w, https:\/\/kleinjogg.ch\/wordpress\/wp-content\/uploads\/2025\/09\/20250922_Kleinjogg_Flyer_Matine-676x478.jpg 676w\" sizes=\"auto, (max-width: 1024px) 100vw, 1024px\" \/><\/figure>\n\n\n\n<figure class=\"wp-block-gallery has-nested-images columns-default is-cropped wp-block-gallery-1 is-layout-flex wp-block-gallery-is-layout-flex\">\n<figure class=\"wp-block-image size-large\"><img loading=\"lazy\" decoding=\"async\" width=\"556\" height=\"1024\" data-id=\"2446\" src=\"https:\/\/kleinjogg.ch\/wordpress\/wp-content\/uploads\/2025\/10\/20251026_225359-556x1024.jpg\" alt=\"\" class=\"wp-image-2446\" srcset=\"https:\/\/kleinjogg.ch\/wordpress\/wp-content\/uploads\/2025\/10\/20251026_225359-556x1024.jpg 556w, https:\/\/kleinjogg.ch\/wordpress\/wp-content\/uploads\/2025\/10\/20251026_225359-163x300.jpg 163w, https:\/\/kleinjogg.ch\/wordpress\/wp-content\/uploads\/2025\/10\/20251026_225359-768x1414.jpg 768w, https:\/\/kleinjogg.ch\/wordpress\/wp-content\/uploads\/2025\/10\/20251026_225359-834x1536.jpg 834w, https:\/\/kleinjogg.ch\/wordpress\/wp-content\/uploads\/2025\/10\/20251026_225359-1112x2048.jpg 1112w, https:\/\/kleinjogg.ch\/wordpress\/wp-content\/uploads\/2025\/10\/20251026_225359-676x1245.jpg 676w, https:\/\/kleinjogg.ch\/wordpress\/wp-content\/uploads\/2025\/10\/20251026_225359-scaled.jpg 1390w\" sizes=\"auto, (max-width: 556px) 100vw, 556px\" \/><\/figure>\n\n\n\n<figure class=\"wp-block-image size-large\"><img decoding=\"async\" data-id=\"2445\" src=\"https:\/\/kleinjogg.ch\/wordpress\/wp-content\/uploads\/2025\/10\/20251026_225327.jpg\" alt=\"\" class=\"wp-image-2445\"\/><\/figure>\n<\/figure>\n\n\n\n<figure class=\"wp-block-image size-large\"><img loading=\"lazy\" decoding=\"async\" width=\"1024\" height=\"521\" src=\"https:\/\/kleinjogg.ch\/wordpress\/wp-content\/uploads\/2025\/10\/20251025_Zeitung-1024x521.jpg\" alt=\"\" class=\"wp-image-2451\" srcset=\"https:\/\/kleinjogg.ch\/wordpress\/wp-content\/uploads\/2025\/10\/20251025_Zeitung-1024x521.jpg 1024w, https:\/\/kleinjogg.ch\/wordpress\/wp-content\/uploads\/2025\/10\/20251025_Zeitung-300x153.jpg 300w, https:\/\/kleinjogg.ch\/wordpress\/wp-content\/uploads\/2025\/10\/20251025_Zeitung-768x391.jpg 768w, https:\/\/kleinjogg.ch\/wordpress\/wp-content\/uploads\/2025\/10\/20251025_Zeitung-1536x781.jpg 1536w, https:\/\/kleinjogg.ch\/wordpress\/wp-content\/uploads\/2025\/10\/20251025_Zeitung-2048x1042.jpg 2048w, https:\/\/kleinjogg.ch\/wordpress\/wp-content\/uploads\/2025\/10\/20251025_Zeitung-676x344.jpg 676w\" sizes=\"auto, (max-width: 1024px) 100vw, 1024px\" \/><\/figure>\n\n\n\n<figure class=\"wp-block-image size-large\"><img loading=\"lazy\" decoding=\"async\" width=\"1024\" height=\"771\" src=\"https:\/\/kleinjogg.ch\/wordpress\/wp-content\/uploads\/2025\/10\/20251026_093151-Kopie-1024x771.jpg\" alt=\"\" class=\"wp-image-2434\" srcset=\"https:\/\/kleinjogg.ch\/wordpress\/wp-content\/uploads\/2025\/10\/20251026_093151-Kopie-1024x771.jpg 1024w, https:\/\/kleinjogg.ch\/wordpress\/wp-content\/uploads\/2025\/10\/20251026_093151-Kopie-300x226.jpg 300w, https:\/\/kleinjogg.ch\/wordpress\/wp-content\/uploads\/2025\/10\/20251026_093151-Kopie-768x579.jpg 768w, https:\/\/kleinjogg.ch\/wordpress\/wp-content\/uploads\/2025\/10\/20251026_093151-Kopie-676x509.jpg 676w, https:\/\/kleinjogg.ch\/wordpress\/wp-content\/uploads\/2025\/10\/20251026_093151-Kopie.jpg 1366w\" sizes=\"auto, (max-width: 1024px) 100vw, 1024px\" \/><\/figure>\n","protected":false},"excerpt":{"rendered":"<p>Am Sonntag den 26. Oktober 2025 fand im Gemeinschaftsraum in Wermatswil eine sehr gut besuchte Matinee zum Thema Landwirtschaft statt. Referate hielten Daniel Wiedenkeller, Historiker, Otto Schmid, Agronom, von Wermatswil sowie zwei junge Landwirte und eine Betriebsleiterin. Die Veranstaltung war mit 90 Zuh\u00f6rerInnen ein grosser Erfolg. Ziel der Matinee war es, ein Bogen zu schlagen [&hellip;]<\/p>\n","protected":false},"author":1,"featured_media":0,"parent":2324,"menu_order":1,"comment_status":"closed","ping_status":"closed","template":"","meta":{"footnotes":""},"class_list":["post-2408","page","type-page","status-publish","hentry","post-preview"],"_links":{"self":[{"href":"https:\/\/kleinjogg.ch\/wordpress\/wp-json\/wp\/v2\/pages\/2408","targetHints":{"allow":["GET"]}}],"collection":[{"href":"https:\/\/kleinjogg.ch\/wordpress\/wp-json\/wp\/v2\/pages"}],"about":[{"href":"https:\/\/kleinjogg.ch\/wordpress\/wp-json\/wp\/v2\/types\/page"}],"author":[{"embeddable":true,"href":"https:\/\/kleinjogg.ch\/wordpress\/wp-json\/wp\/v2\/users\/1"}],"replies":[{"embeddable":true,"href":"https:\/\/kleinjogg.ch\/wordpress\/wp-json\/wp\/v2\/comments?post=2408"}],"version-history":[{"count":17,"href":"https:\/\/kleinjogg.ch\/wordpress\/wp-json\/wp\/v2\/pages\/2408\/revisions"}],"predecessor-version":[{"id":2526,"href":"https:\/\/kleinjogg.ch\/wordpress\/wp-json\/wp\/v2\/pages\/2408\/revisions\/2526"}],"up":[{"embeddable":true,"href":"https:\/\/kleinjogg.ch\/wordpress\/wp-json\/wp\/v2\/pages\/2324"}],"wp:attachment":[{"href":"https:\/\/kleinjogg.ch\/wordpress\/wp-json\/wp\/v2\/media?parent=2408"}],"curies":[{"name":"wp","href":"https:\/\/api.w.org\/{rel}","templated":true}]}}