{"id":250,"date":"2016-09-29T16:40:27","date_gmt":"2016-09-29T14:40:27","guid":{"rendered":"http:\/\/kleinjogg.ch\/wordpress\/?page_id=250"},"modified":"2025-10-29T22:09:42","modified_gmt":"2025-10-29T20:09:42","slug":"presseartikel","status":"publish","type":"page","link":"https:\/\/kleinjogg.ch\/wordpress\/presseartikel\/","title":{"rendered":"Presseartikel"},"content":{"rendered":"<p>Im 2025:<\/p>\n<ul>\n<li><a href=\"https:\/\/kleinjogg.ch\/wordpress\/wp-content\/uploads\/2025\/10\/20251025_Zeitung-scaled.jpg\" target=\"_blank\" rel=\"noopener\">Tagesanzeiger: Landwirtschaft in Wermatswil und heute \u2013 von Kleinjogg bis heute<\/a><\/li>\n<\/ul>\n<p>Im 2024:<\/p>\n<ul>\n<li><a href=\"https:\/\/kleinjogg.ch\/wordpress\/wp-content\/uploads\/2024\/06\/Berichterstattung-Freudwiler-Gaerten.pdf\" target=\"_blank\" rel=\"noreferrer noopener\" data-type=\"link\" data-id=\"https:\/\/kleinjogg.ch\/wordpress\/wp-content\/uploads\/2024\/06\/Berichterstattung-Freudwiler-Gaerten.pdf\">Regio: Rundgang durch Freudwiler G\u00e4rten (Stefan Hartmann) 30.05.2024<\/a><\/li>\n<li><a href=\"https:\/\/kleinjogg.ch\/wordpress\/wp-content\/uploads\/2024\/10\/Film-Obstsortensammlung_Regio.pdf\" target=\"_blank\" rel=\"noreferrer noopener\" data-type=\"link\" data-id=\"https:\/\/kleinjogg.ch\/wordpress\/wp-content\/uploads\/2024\/10\/Film-Obstsortensammlung_Regio.pdf\">Regio: Film \u00fcber den Ustermer Pomologen G\u00f6pf M\u00fcll (Stefan Hartmann) 24.10.2024<\/a><\/li>\n<\/ul>\n<p>Im 2023:<\/p>\n<ul>\n<li><a href=\"https:\/\/kleinjogg.ch\/wordpress\/wp-content\/uploads\/2023\/01\/DIVERSITAeT-IM-ANBAU-MINDERT-AUSFALLRISIKO.pdf\">Regio: Diversit\u00e4t im Anbau mindert Ausfallrisiko (Stefan Hartmann) 19.01.2023<\/a><\/li>\n<\/ul>\n<p>Im 2019:<\/p>\n<ul>\n<li><a href=\"https:\/\/kleinjogg.ch\/wordpress\/wp-content\/uploads\/2020\/03\/Wermatswil_Der-Ort-der-weisen-Spr\u00fcche-und-seltsamen-Bilder.pdf\" target=\"_blank\" rel=\"noopener noreferrer\">Tagesanzeiger: Der Ort der weisen Spr\u00fcche und seltsamen Bilder (Helene Arnet) 23.04.2019<\/a><\/li>\n<\/ul>\n<p>Im 2018:<\/p>\n<ul>\n<li><a href=\"https:\/\/kleinjogg.ch\/wordpress\/wp-content\/uploads\/2018\/03\/Z\u00fcrcherBauer_Themenabend-Wasser_KleinjoggKulturverein_30.Jan2018.jpg\" target=\"_blank\" rel=\"noopener noreferrer\">Z\u00fcrcher Bauer: Sauberes Trinkwasser wollen alle (Rom\u00fc) 02.02.2018<\/a><\/li>\n<li><a href=\"https:\/\/kleinjogg.ch\/wordpress\/wp-content\/uploads\/2018\/03\/Podium-Initiative-Wasser-AVU-Seite-3-20180201.jpg\" target=\"_blank\" rel=\"noopener noreferrer\">Z\u00fcrcher Oberl\u00e4nder &#8211; Anzeiger von Uster: Vergiftetes Klima an Trinkwasser-Debatte (David Marti) 01.02.2018<\/a><\/li>\n<li><a href=\"https:\/\/kleinjogg.ch\/wordpress\/wp-content\/uploads\/2018\/03\/Leserbrief_H.B\u00e4chtold_Wasserabend_30.Jan2018.pdf\" target=\"_blank\" rel=\"noopener noreferrer\">Z\u00fcrcher Oberl\u00e4nder &#8211; Anzeiger von Uster: Leserbrief zum Themenabend des Kleinjogg Kulturvereins (Heidi B\u00e4chtold) 14.02.2018<\/a><\/li>\n<li><a href=\"https:\/\/kleinjogg.ch\/wordpress\/wp-content\/uploads\/2018\/03\/20180130_Leserbrief-Polomski.jpg\" target=\"_blank\" rel=\"noopener noreferrer\">Z\u00fcrcher Oberl\u00e4nder &#8211; Anzeiger von Uster: Leserbrief zum Themenabend des Kleinjogg Kulturvereins (Janina Polomski) 01.03.2018<\/a><\/li>\n<li><a href=\"https:\/\/kleinjogg.ch\/wordpress\/wp-content\/uploads\/2018\/03\/Leserbrief_Simon-Hess_unver\u00f6ffentlicht.pdf\">Leserbrief zum Themenabend des Kleinjogg Kulturvereins (Simon Hess) unver\u00f6ffentlicht<\/a><\/li>\n<\/ul>\n<p>Im 2017:<\/p>\n<ul>\n<li><a href=\"https:\/\/kleinjogg.ch\/wordpress\/wp-content\/uploads\/2017\/04\/Z\u00fcrichs-schlauer-Bauer_-Der-falsche-und-der-richtige-Kleinjogg.pdf\" target=\"_blank\" rel=\"noopener noreferrer\">Neue Z\u00fcrcher Zeitung: Der falsche und der richtige Kleinjogg (Max Furrer) 10.02.2017<\/a><\/li>\n<li><a href=\"https:\/\/kleinjogg.ch\/wordpress\/wp-content\/uploads\/2017\/10\/Kleinjogg_OSchmid_L_2017_28_Zuercher_Bauer_04_ZBV_Jubilaeum6464.pdf\">Zeitschrift Z\u00fcrcher Bauer: Wegbereiter der modernen Landwirtschaft (Otto Schmid) 14. Juli 2017<\/a><\/li>\n<li><a href=\"https:\/\/kleinjogg.ch\/wordpress\/wp-content\/uploads\/2017\/10\/KP-3.2017_Kleinjogg_Otto-Schmid_light.pdf\">Zeitschrift \u00abKultur und Politik\u00bb No. 3\/17: Jakob Gujer, genannt Kleinjogg, Wegbereiter der modernen Landwirtschaft. (Otto Schmid) August 2017<\/a><\/li>\n<\/ul>\n<p>Nach dem Kleinjogg Fest 2016:<\/p>\n<ul>\n<li><a href=\"https:\/\/kleinjogg.ch\/wordpress\/wp-content\/uploads\/2017\/04\/Bannumgang_R\u00fcmlang_Kleinjogg_18.Sept2016.pdf\" target=\"_blank\" rel=\"noopener noreferrer\">Z\u00fcrcher Unterl\u00e4nder: Bannumgang zum Kleinjogg-Haus in R\u00fcmlang (Olav Brunner) 20.09.2016<\/a><\/li>\n<li><a href=\"https:\/\/kleinjogg.ch\/wordpress\/wp-content\/uploads\/2016\/09\/epaper-36_Kleinjogg-Bauernzeitung_23Sept2016.pdf\" target=\"_blank\" rel=\"noopener noreferrer\">Bauernzeitung: Bericht \u00fcber Kleinjogg-Fest in Wermatswil (Isabelle Schwander) 23.09.2016<\/a><\/li>\n<\/ul>\n<p>Vor dem Kleinjogg-Fest 2016:<\/p>\n<ul>\n<li><a href=\"https:\/\/kleinjogg.ch\/wordpress\/wp-content\/uploads\/2017\/04\/300-Jahre-Kleinjogg_-Z\u00fcrichs-schlauer-Bauer-NZZ-Z\u00fcrich_-Aktue.pdf\" target=\"_blank\" rel=\"noopener noreferrer\">Neue Z\u00fcrcher Zeitung: Z\u00fcrichs Schlauer Bauer (Max Furrer) 09.08.2016<\/a><\/li>\n<li><a href=\"https:\/\/kleinjogg.ch\/wordpress\/wp-content\/uploads\/2017\/04\/L_2016_35_Zuercher_Bauer_02_ZBV.pdf\">Der Z\u00fcrcher Bauer: Kleinjogg &#8211; der innovative Z\u00fcrcher Bauer 02.09.2016<\/a><\/li>\n<li><a href=\"https:\/\/kleinjogg.ch\/wordpress\/wp-content\/uploads\/2022\/01\/Artikel-Kleinjogg-vor-Fest-im-SB-10.9.2016.pdf\">Schweizer Baur:\u00a0 Wegbereiter der modernen Landwirtschaft 10.09.2016<\/a><\/li>\n<li><a href=\"https:\/\/kleinjogg.ch\/wordpress\/wp-content\/uploads\/2016\/09\/KleinjoggTA_HeleneArnet_16Sept2016.pdf\" target=\"_blank\" rel=\"noopener noreferrer\">Tagesanzeiger: Schlauer Vorzeigebauer (Helen Arnet) 16.09.2016<\/a><br \/>\n(Korrigenda: Mitautor der Kleinjogg Gedenkschrift ist Daniel Wiedenkeller und nicht Daniel Wiederkehr)<\/li>\n<\/ul>\n<ul>\n<li><a href=\"https:\/\/kleinjogg.ch\/wordpress\/wp-content\/uploads\/2017\/04\/Kleinjogg_Fest_AzU_Artikel-Sept2016.pdf\" target=\"_blank\" rel=\"noopener noreferrer\">Anzeiger von Uster: Wermatswiler feiern ihren schlauen Bauern (Beatrice Zogg) 17.09.2016<\/a><\/li>\n<li><a href=\"http:\/\/www.zuonline.ch\/dielsdorf\/der-modernisierer-unter-den-bauern\/story\/11482336\">Z\u00fcrcher Unterl\u00e4nder: Der Modernisierer unter den Bauern<\/a><\/li>\n<\/ul>\n<p>Allgemein zu Kleinjogg:<\/p>\n<ul>\n<li><a href=\"https:\/\/kleinjogg.ch\/wordpress\/wp-content\/uploads\/2017\/06\/20160727_102619_verkleinert.jpg\">Katzenr\u00fctner bleiben im dunklen Estrich stehen<\/a><\/li>\n<li><a href=\"https:\/\/kleinjogg.ch\/wordpress\/wp-content\/uploads\/2017\/06\/20160727_102655.jpg\">Jakob Gujer, genannt Kleinjogg<\/a><\/li>\n<li><a href=\"https:\/\/kleinjogg.ch\/wordpress\/wp-content\/uploads\/2017\/06\/20160727_102711.jpg\">H\u00f6ngg ehrt den Musterbauern Kleinjogg 1\/2<\/a><\/li>\n<li><a href=\"https:\/\/kleinjogg.ch\/wordpress\/wp-content\/uploads\/2017\/06\/20160727_102745.jpg\">H\u00f6ngg ehrt den Musterbauern Kleinjogg 2\/2<\/a><\/li>\n<li><a href=\"https:\/\/kleinjogg.ch\/wordpress\/wp-content\/uploads\/2017\/06\/20160727_102826.jpg\">Chlijogg, der &#8222;philosophische Bauer&#8220; aus Wermatswil<\/a><\/li>\n<li><a href=\"https:\/\/kleinjogg.ch\/wordpress\/wp-content\/uploads\/2017\/06\/20160727_102827.jpg\">Was Hans Caspar Hirzel \u00fcber Kleinjogg schrieb<\/a><\/li>\n<\/ul>\n","protected":false},"excerpt":{"rendered":"<p>Im 2025: Tagesanzeiger: Landwirtschaft in Wermatswil und heute \u2013 von Kleinjogg bis heute Im 2024: Regio: Rundgang durch Freudwiler G\u00e4rten (Stefan Hartmann) 30.05.2024 Regio: Film \u00fcber den Ustermer Pomologen G\u00f6pf M\u00fcll (Stefan Hartmann) 24.10.2024 Im 2023: Regio: Diversit\u00e4t im Anbau mindert Ausfallrisiko (Stefan Hartmann) 19.01.2023 Im 2019: Tagesanzeiger: Der Ort der weisen Spr\u00fcche und seltsamen [&hellip;]<\/p>\n","protected":false},"author":1,"featured_media":0,"parent":0,"menu_order":5,"comment_status":"closed","ping_status":"closed","template":"template-fullwidth.php","meta":{"footnotes":""},"class_list":["post-250","page","type-page","status-publish","hentry","post-preview"],"_links":{"self":[{"href":"https:\/\/kleinjogg.ch\/wordpress\/wp-json\/wp\/v2\/pages\/250","targetHints":{"allow":["GET"]}}],"collection":[{"href":"https:\/\/kleinjogg.ch\/wordpress\/wp-json\/wp\/v2\/pages"}],"about":[{"href":"https:\/\/kleinjogg.ch\/wordpress\/wp-json\/wp\/v2\/types\/page"}],"author":[{"embeddable":true,"href":"https:\/\/kleinjogg.ch\/wordpress\/wp-json\/wp\/v2\/users\/1"}],"replies":[{"embeddable":true,"href":"https:\/\/kleinjogg.ch\/wordpress\/wp-json\/wp\/v2\/comments?post=250"}],"version-history":[{"count":50,"href":"https:\/\/kleinjogg.ch\/wordpress\/wp-json\/wp\/v2\/pages\/250\/revisions"}],"predecessor-version":[{"id":2452,"href":"https:\/\/kleinjogg.ch\/wordpress\/wp-json\/wp\/v2\/pages\/250\/revisions\/2452"}],"wp:attachment":[{"href":"https:\/\/kleinjogg.ch\/wordpress\/wp-json\/wp\/v2\/media?parent=250"}],"curies":[{"name":"wp","href":"https:\/\/api.w.org\/{rel}","templated":true}]}}