{"id":35,"date":"2016-05-06T12:22:50","date_gmt":"2016-05-06T10:22:50","guid":{"rendered":"http:\/\/kleinjogg.ch\/wordpress\/?page_id=35"},"modified":"2020-03-06T23:39:54","modified_gmt":"2020-03-06T21:39:54","slug":"das-fest","status":"publish","type":"page","link":"https:\/\/kleinjogg.ch\/wordpress\/das-fest\/","title":{"rendered":"Kleinjogg-Fest 2016"},"content":{"rendered":"<h3><strong>Gedenkfeier 300 Jahre innovativer Z\u00fcrcher Bauer Kleinjogg &#8211; <\/strong><b>Kleinjogg-Fest in Wermatswil am 18. September\u00a02016<\/b><\/h3>\n<p>Das Fest war ein voller Erfolg! Besondere Attraktionen waren die Hofrundg\u00e4nge, Marktst\u00e4nde, die Theaterlesung der Schauspielgruppe \u201eWort-Laut\u201c, der TV-Kleinjogg-Film, Spiele und Malwettbewerb f\u00fcr Kinder, der Kleinjogg-Quiz, die Festwirtschaft und Musik.<\/p>\n<p>Pressemitteilungen vom Kleinjogg Fest 2016:<\/p>\n<ul>\n<li><a href=\"https:\/\/kleinjogg.ch\/wordpress\/wp-content\/uploads\/2017\/04\/Bannumgang_R\u00fcmlang_Kleinjogg_18.Sept2016.pdf\" target=\"_blank\" rel=\"noopener noreferrer\">Z\u00fcrcher Unterl\u00e4nder: Bannumgang zum Kleinjogg-Haus in R\u00fcmlang (Olav Brunner) 20.09.2016<\/a><\/li>\n<li><a href=\"https:\/\/kleinjogg.ch\/wordpress\/wp-content\/uploads\/2016\/09\/epaper-36_Kleinjogg-Bauernzeitung_23Sept2016.pdf\" target=\"_blank\" rel=\"noopener noreferrer\">Bauernzeitung: Bericht \u00fcber Kleinjogg-Fest in Wermatswil (Isabelle Schwander) 23.09.2016<\/a><\/li>\n<\/ul>\n<p>Der Film von Jonathan Hug und Selina Ulmann\u00a0zeigt Eindr\u00fccke vom Fest.<br \/>\n<iframe loading=\"lazy\" src=\"https:\/\/www.youtube.com\/embed\/zBEKd5UTmtA\" width=\"480\" height=\"270\" frameborder=\"0\" allowfullscreen=\"allowfullscreen\"><\/iframe><\/p>\n<p>Der Film von S. Ulmann zeigt die Theater-Lesung am Kleinjogg-Fest.<\/p>\n<p><iframe loading=\"lazy\" src=\"https:\/\/www.youtube.com\/embed\/80Ux0zJ91kQ\" width=\"560\" height=\"315\" frameborder=\"0\" allowfullscreen=\"allowfullscreen\"><\/iframe><\/p>\n<p>Weitere Impressionen vom Kleinjogg-Fests in Wermatswil vom 18. September 2016 in drei Bildergalerien:<\/p>\n<ul>\n<li><a href=\"https:\/\/kleinjogg.ch\/wordpress\/?page_id=362\">Bildergalerie Karl Furrer, Wermatswil<\/a><\/li>\n<li><a href=\"https:\/\/kleinjogg.ch\/wordpress\/?page_id=369\">Bildergalerie Familie Gartmann, Wermatswil<\/a><\/li>\n<li><a href=\"https:\/\/kleinjogg.ch\/wordpress\/?page_id=413\">Bildergalerie Samuel Visscher, Z\u00fcrich<\/a><\/li>\n<\/ul>\n","protected":false},"excerpt":{"rendered":"<p>Gedenkfeier 300 Jahre innovativer Z\u00fcrcher Bauer Kleinjogg &#8211; Kleinjogg-Fest in Wermatswil am 18. September\u00a02016 Das Fest war ein voller Erfolg! Besondere Attraktionen waren die Hofrundg\u00e4nge, Marktst\u00e4nde, die Theaterlesung der Schauspielgruppe \u201eWort-Laut\u201c, der TV-Kleinjogg-Film, Spiele und Malwettbewerb f\u00fcr Kinder, der Kleinjogg-Quiz, die Festwirtschaft und Musik. Pressemitteilungen vom Kleinjogg Fest 2016: Z\u00fcrcher Unterl\u00e4nder: Bannumgang zum Kleinjogg-Haus in [&hellip;]<\/p>\n","protected":false},"author":1,"featured_media":0,"parent":0,"menu_order":4,"comment_status":"closed","ping_status":"closed","template":"template-fullwidth.php","meta":{"footnotes":""},"class_list":["post-35","page","type-page","status-publish","hentry","post-preview"],"_links":{"self":[{"href":"https:\/\/kleinjogg.ch\/wordpress\/wp-json\/wp\/v2\/pages\/35","targetHints":{"allow":["GET"]}}],"collection":[{"href":"https:\/\/kleinjogg.ch\/wordpress\/wp-json\/wp\/v2\/pages"}],"about":[{"href":"https:\/\/kleinjogg.ch\/wordpress\/wp-json\/wp\/v2\/types\/page"}],"author":[{"embeddable":true,"href":"https:\/\/kleinjogg.ch\/wordpress\/wp-json\/wp\/v2\/users\/1"}],"replies":[{"embeddable":true,"href":"https:\/\/kleinjogg.ch\/wordpress\/wp-json\/wp\/v2\/comments?post=35"}],"version-history":[{"count":25,"href":"https:\/\/kleinjogg.ch\/wordpress\/wp-json\/wp\/v2\/pages\/35\/revisions"}],"predecessor-version":[{"id":1457,"href":"https:\/\/kleinjogg.ch\/wordpress\/wp-json\/wp\/v2\/pages\/35\/revisions\/1457"}],"wp:attachment":[{"href":"https:\/\/kleinjogg.ch\/wordpress\/wp-json\/wp\/v2\/media?parent=35"}],"curies":[{"name":"wp","href":"https:\/\/api.w.org\/{rel}","templated":true}]}}