{"id":37,"date":"2016-05-06T12:25:04","date_gmt":"2016-05-06T10:25:04","guid":{"rendered":"http:\/\/kleinjogg.ch\/wordpress\/?page_id=37"},"modified":"2020-03-07T00:10:54","modified_gmt":"2020-03-06T22:10:54","slug":"kleinjogg-und-seine-zeit","status":"publish","type":"page","link":"https:\/\/kleinjogg.ch\/wordpress\/kleinjogg-und-seine-zeit\/","title":{"rendered":"Kleinjogg und seine Zeit"},"content":{"rendered":"\n<h2 class=\"wp-block-heading\"><strong>\u00abUnser\u00bb Kleinjogg wurde erst am 30. Januar 1718 getauft<\/strong><\/h2>\n\n\n\n<blockquote class=\"wp-block-quote is-layout-flow wp-block-quote-is-layout-flow\"><p><strong>Der 2016 gefeierte Jacob Gujer, getauft am 9. August 1716, ist am 10. Februar 1717 schon gestorben \u2013 der gefeierte &#8222;Chlijogg&#8220; wurde am 30. Januar 1718 getauft! <\/strong><\/p><\/blockquote>\n\n\n\n<p>Der 9. August 1716 hat bislang als Taufdatum von Jacob Gujer, genannt Kleinjogg, dem sp\u00e4teren Musterbauern, gegolten. Neue genealogische Forschungsergebnisse haben ergeben, dass an diesem Datum wohl ein S\u00f6hnchen \u201eJacob\u201c der Wermatswiler Familie Rudolf und Anna Gujer-Pfister getauft wurde, das aber schon am 10. Februar 1717 als S\u00e4ugling starb. Auf diesen Eintrag im Sterberegister der Kirchgemeinde Uster hat ein Familiengeschichtsforscher die Organisatoren der Gedenkfeier in Wermatswil im September 2016 hingewiesen. Der echte Kleinjogg wurde erst am 30. Januar 1718 getauft. Er starb am 29. September 1785 auf dem Katzenr\u00fctihof und erreichte somit nur ein Alter von 67 Jahren und knapp 8 Monaten.<\/p>\n\n\n\n<p>Mehr Information im <a href=\"https:\/\/www.nzz.ch\/zuerich\/ueberraschendes-zur-identitaet-des-musterbauern-jacob-gujer-der-falsche-und-der-richtige-kleinjogg-ld.144737\" target=\"_blank\" rel=\"noreferrer noopener\">Artikel von Max Furrer in der NZZ vom 10. Februar 2017. <\/a><\/p>\n\n\n<h2>Kleinjogg \u2013 ein innovativer Bauer pr\u00e4gt die Landwirtschaft<\/h2>\n<p>Im Jahre 1716, also vor 300 Jahren,\u00a0wurde in Wermatswil der sp\u00e4tere\u00a0Musterbauer\u00a0Jakob Gujer, genannt Kleinjogg, geboren. Das Wirken des innovativen Bauern, zuerst in Wermatswil und sp\u00e4ter auf dem Katzenr\u00fctihof in R\u00fcmlang, war damals \u00fcber die Landesgrenzen hinaus bekannt. Viele seiner Grunds\u00e4tze f\u00fcr eine produktive und naturgem\u00e4sse Landwirtschaft sind auch heute noch aktuell. So wurde er vom Dichter J. W. Goethe und F\u00fcrsten besucht.<\/p>\n<p>Auf das Kleinjoggfest am 18. September 2016 hin in Wermatswil wurde eine attraktive 70-seitige Gedenkschrift zum \u201eKleinjogg &#8211; Wegbereiter der modernen Landwirtschaft\u201c herausgegeben, die auch Portraits von heutigen Landwirtschafts-Betrieben in Wermatswil und R\u00fcmlang enth\u00e4lt.<br \/><a href=\"https:\/\/kleinjogg.ch\/wordpress\/?page_id=213\">Kiosk &#8211; Gedenkschrift<\/a><\/p>\n<p>Mehr zum Leben und Wirken von <a href=\"https:\/\/de.wikipedia.org\/wiki\/Jakob_Gujer\" target=\"_blank\" rel=\"noopener noreferrer\">Jakob Gujer genannt Kleinjogg bei Wikipedia\u00a0<\/a>oder unter den folgenden Themen:<\/p>\n<ul>\n<li><a href=\"https:\/\/kleinjogg.ch\/wordpress\/?page_id=139\">Kleinjoggs Pers\u00f6nlichkeit und Ideen in der \u00dcbersicht<\/a><\/li>\n<li><a href=\"https:\/\/kleinjogg.ch\/wordpress\/?page_id=141\">Die Agrarentwicklung von 1750-1850<\/a><\/li>\n<li><a href=\"https:\/\/kleinjogg.ch\/wordpress\/?page_id=250\">Pressemitteilungen<\/a><\/li>\n<li><a href=\"https:\/\/kleinjogg.ch\/wordpress\/?page_id=929\">Internetquellen zu Kleinjogg<\/a><\/li>\n<\/ul>","protected":false},"excerpt":{"rendered":"<p>\u00abUnser\u00bb Kleinjogg wurde erst am 30. Januar 1718 getauft Der 2016 gefeierte Jacob Gujer, getauft am 9. August 1716, ist am 10. Februar 1717 schon gestorben \u2013 der gefeierte &#8222;Chlijogg&#8220; wurde am 30. Januar 1718 getauft! Der 9. August 1716 hat bislang als Taufdatum von Jacob Gujer, genannt Kleinjogg, dem sp\u00e4teren Musterbauern, gegolten. Neue genealogische [&hellip;]<\/p>\n","protected":false},"author":1,"featured_media":0,"parent":0,"menu_order":4,"comment_status":"closed","ping_status":"closed","template":"template-fullwidth.php","meta":{"footnotes":""},"class_list":["post-37","page","type-page","status-publish","hentry","post-preview"],"_links":{"self":[{"href":"https:\/\/kleinjogg.ch\/wordpress\/wp-json\/wp\/v2\/pages\/37","targetHints":{"allow":["GET"]}}],"collection":[{"href":"https:\/\/kleinjogg.ch\/wordpress\/wp-json\/wp\/v2\/pages"}],"about":[{"href":"https:\/\/kleinjogg.ch\/wordpress\/wp-json\/wp\/v2\/types\/page"}],"author":[{"embeddable":true,"href":"https:\/\/kleinjogg.ch\/wordpress\/wp-json\/wp\/v2\/users\/1"}],"replies":[{"embeddable":true,"href":"https:\/\/kleinjogg.ch\/wordpress\/wp-json\/wp\/v2\/comments?post=37"}],"version-history":[{"count":11,"href":"https:\/\/kleinjogg.ch\/wordpress\/wp-json\/wp\/v2\/pages\/37\/revisions"}],"predecessor-version":[{"id":1476,"href":"https:\/\/kleinjogg.ch\/wordpress\/wp-json\/wp\/v2\/pages\/37\/revisions\/1476"}],"wp:attachment":[{"href":"https:\/\/kleinjogg.ch\/wordpress\/wp-json\/wp\/v2\/media?parent=37"}],"curies":[{"name":"wp","href":"https:\/\/api.w.org\/{rel}","templated":true}]}}