{"id":507,"date":"2017-03-13T11:12:22","date_gmt":"2017-03-13T09:12:22","guid":{"rendered":"http:\/\/kleinjogg.ch\/wordpress\/?page_id=507"},"modified":"2017-12-27T10:44:14","modified_gmt":"2017-12-27T08:44:14","slug":"interner-bereich","status":"publish","type":"page","link":"https:\/\/kleinjogg.ch\/wordpress\/interner-bereich\/","title":{"rendered":"Interner Bereich"},"content":{"rendered":"<p><a href=\"https:\/\/kleinjogg.ch\/wordpress\/?page_id=510\">Vereinsmitglieder<\/a><\/p>\n<h5>Gesch\u00e4tztes Vereinsmitglied<\/h5>\n<p><img loading=\"lazy\" decoding=\"async\" class=\"alignright\" src=\"https:\/\/kleinjogg.ch\/wordpress\/wp-content\/uploads\/2017\/06\/Abb31_010686258_verkleinert.jpg\" alt=\"\" width=\"243\" height=\"288\" \/><\/p>\n<p>Herzlich Willkommen im internen Bereich der Kleinjogg-Homepage. Hier finden Sie interessante zus\u00e4tzliche Dokumente zu Kleinjogg und seiner Zeit.<\/p>\n<p>Sind Sie noch nicht Mitglied des Kleinjogg Kulturvereins und w\u00fcrden gerne mehr \u00fcber und rung um diese Pers\u00f6nlichkeit erfahren? &#8211; Sie sind herzlich willkommen im\u00a0<a href=\"https:\/\/kleinjogg.ch\/wordpress\/?page_id=580\">Kleinjogg Kulturverein<\/a>.<\/p>\n","protected":false},"excerpt":{"rendered":"<p>Vereinsmitglieder Gesch\u00e4tztes Vereinsmitglied Herzlich Willkommen im internen Bereich der Kleinjogg-Homepage. Hier finden Sie interessante zus\u00e4tzliche Dokumente zu Kleinjogg und seiner Zeit. Sind Sie noch nicht Mitglied des Kleinjogg Kulturvereins und w\u00fcrden gerne mehr \u00fcber und rung um diese Pers\u00f6nlichkeit erfahren? &#8211; Sie sind herzlich willkommen im\u00a0Kleinjogg Kulturverein.<\/p>\n","protected":false},"author":1,"featured_media":0,"parent":0,"menu_order":8,"comment_status":"closed","ping_status":"closed","template":"template-fullwidth.php","meta":{"footnotes":""},"class_list":["post-507","page","type-page","status-publish","hentry","post-preview"],"_links":{"self":[{"href":"https:\/\/kleinjogg.ch\/wordpress\/wp-json\/wp\/v2\/pages\/507","targetHints":{"allow":["GET"]}}],"collection":[{"href":"https:\/\/kleinjogg.ch\/wordpress\/wp-json\/wp\/v2\/pages"}],"about":[{"href":"https:\/\/kleinjogg.ch\/wordpress\/wp-json\/wp\/v2\/types\/page"}],"author":[{"embeddable":true,"href":"https:\/\/kleinjogg.ch\/wordpress\/wp-json\/wp\/v2\/users\/1"}],"replies":[{"embeddable":true,"href":"https:\/\/kleinjogg.ch\/wordpress\/wp-json\/wp\/v2\/comments?post=507"}],"version-history":[{"count":9,"href":"https:\/\/kleinjogg.ch\/wordpress\/wp-json\/wp\/v2\/pages\/507\/revisions"}],"predecessor-version":[{"id":1013,"href":"https:\/\/kleinjogg.ch\/wordpress\/wp-json\/wp\/v2\/pages\/507\/revisions\/1013"}],"wp:attachment":[{"href":"https:\/\/kleinjogg.ch\/wordpress\/wp-json\/wp\/v2\/media?parent=507"}],"curies":[{"name":"wp","href":"https:\/\/api.w.org\/{rel}","templated":true}]}}