{"id":582,"date":"2017-04-25T09:12:12","date_gmt":"2017-04-25T07:12:12","guid":{"rendered":"http:\/\/kleinjogg.ch\/wordpress\/?page_id=582"},"modified":"2026-01-11T15:35:40","modified_gmt":"2026-01-11T13:35:40","slug":"videos-zu-kleinjogg","status":"publish","type":"page","link":"https:\/\/kleinjogg.ch\/wordpress\/videos-zu-kleinjogg\/","title":{"rendered":"Kleinjoggs Reformen &#8211; Lernvideos"},"content":{"rendered":"\n<p>Sehen Sie sich die beiden informativen Videos Kleinjoggs Reformen mit Bezug zur heutigen Landwirtschaft an &#8211; Wir w\u00fcnschen viel Spass!<\/p>\n\n\n\n<p><em>Kleinjoggs Reformen: Lernvideo Episode Kleegras von S.Ulmann<\/em><\/p>\n\n\n\n<figure class=\"wp-block-embed is-type-video is-provider-youtube wp-block-embed-youtube wp-embed-aspect-16-9 wp-has-aspect-ratio\"><div class=\"wp-block-embed__wrapper\">\n<iframe loading=\"lazy\" title=\"1. Kleegras (Kleinjoggs landwirtschaftliche Reformen)\" width=\"676\" height=\"380\" src=\"https:\/\/www.youtube.com\/embed\/JGlL85pAlAE?feature=oembed\" frameborder=\"0\" allow=\"accelerometer; autoplay; clipboard-write; encrypted-media; gyroscope; picture-in-picture; web-share\" referrerpolicy=\"strict-origin-when-cross-origin\" allowfullscreen><\/iframe>\n<\/div><\/figure>\n\n\n\n<p><em>Kleinjoggs Reformen: Lernvideo Episode Stallf\u00fctterung von S.Ulmann<\/em><\/p>\n\n\n\n<figure class=\"wp-block-embed is-type-video is-provider-youtube wp-block-embed-youtube wp-embed-aspect-16-9 wp-has-aspect-ratio\"><div class=\"wp-block-embed__wrapper\">\n<iframe loading=\"lazy\" title=\"2. Stallfu\u0308tterung (Kleinjoggs landwirtschaftliche Reformen)\" width=\"676\" height=\"380\" src=\"https:\/\/www.youtube.com\/embed\/5ji3ue-74Ak?feature=oembed\" frameborder=\"0\" allow=\"accelerometer; autoplay; clipboard-write; encrypted-media; gyroscope; picture-in-picture; web-share\" referrerpolicy=\"strict-origin-when-cross-origin\" allowfullscreen><\/iframe>\n<\/div><\/figure>\n\n\n\n<p>Diese zwei Videos entstanden im Rahmen einer Bachelor-Arbeit an der Eidgen\u00f6ssisch Technischen Hochschule (ETH) Z\u00fcrich am Institut f\u00fcr Agrarwissenschaften (Betreuung: Dr. Sabina Keller und Otto Schmid).<\/p>\n\n\n\n<p>Die Lernvideos stehen seit April 2017 zur freien Verf\u00fcgung und&nbsp;d\u00fcrfen gerne auch f\u00fcr pers\u00f6nliche Zwecke (z.B. im Unterricht) verwendet werden. Frau Ulmann w\u00fcrde sich sehr&nbsp;\u00fcber eine kurze&nbsp;Kontaktaufnahme ihrerseits freuen und k\u00f6nnte bei Interesse zus\u00e4tzliches, schriftliches Informationsmaterial aush\u00e4ndigen. R\u00fcckmeldungen sind auch gerne willkommen.<\/p>\n\n\n\n<p>Kontakt:<br>S.Ulmann<br><a href=\"mailto:selina.ulmann@gmx.ch\">E-Mail schreiben<\/a><\/p>\n","protected":false},"excerpt":{"rendered":"<p>Sehen Sie sich die beiden informativen Videos Kleinjoggs Reformen mit Bezug zur heutigen Landwirtschaft an &#8211; Wir w\u00fcnschen viel Spass! Kleinjoggs Reformen: Lernvideo Episode Kleegras von S.Ulmann Kleinjoggs Reformen: Lernvideo Episode Stallf\u00fctterung von S.Ulmann Diese zwei Videos entstanden im Rahmen einer Bachelor-Arbeit an der Eidgen\u00f6ssisch Technischen Hochschule (ETH) Z\u00fcrich am Institut f\u00fcr Agrarwissenschaften (Betreuung: Dr. [&hellip;]<\/p>\n","protected":false},"author":1,"featured_media":0,"parent":0,"menu_order":3,"comment_status":"closed","ping_status":"closed","template":"template-fullwidth.php","meta":{"footnotes":""},"class_list":["post-582","page","type-page","status-publish","hentry","post-preview"],"_links":{"self":[{"href":"https:\/\/kleinjogg.ch\/wordpress\/wp-json\/wp\/v2\/pages\/582","targetHints":{"allow":["GET"]}}],"collection":[{"href":"https:\/\/kleinjogg.ch\/wordpress\/wp-json\/wp\/v2\/pages"}],"about":[{"href":"https:\/\/kleinjogg.ch\/wordpress\/wp-json\/wp\/v2\/types\/page"}],"author":[{"embeddable":true,"href":"https:\/\/kleinjogg.ch\/wordpress\/wp-json\/wp\/v2\/users\/1"}],"replies":[{"embeddable":true,"href":"https:\/\/kleinjogg.ch\/wordpress\/wp-json\/wp\/v2\/comments?post=582"}],"version-history":[{"count":29,"href":"https:\/\/kleinjogg.ch\/wordpress\/wp-json\/wp\/v2\/pages\/582\/revisions"}],"predecessor-version":[{"id":2530,"href":"https:\/\/kleinjogg.ch\/wordpress\/wp-json\/wp\/v2\/pages\/582\/revisions\/2530"}],"wp:attachment":[{"href":"https:\/\/kleinjogg.ch\/wordpress\/wp-json\/wp\/v2\/media?parent=582"}],"curies":[{"name":"wp","href":"https:\/\/api.w.org\/{rel}","templated":true}]}}